{"id":1519,"date":"2021-06-16T08:06:56","date_gmt":"2021-06-16T12:06:56","guid":{"rendered":"https:\/\/renfrew.turnbull.co\/?page_id=1519"},"modified":"2021-06-17T06:32:09","modified_gmt":"2021-06-17T10:32:09","slug":"a-propos-de-notre-clinique-juridique","status":"publish","type":"page","link":"https:\/\/www.renfrewlegalclinic.org\/fr\/qui-nous-sommes\/a-propos-de-notre-clinique-juridique\/","title":{"rendered":"\u00c0 propos de notre clinique juridique"},"content":{"rendered":"\n<p>Nous sommes une clinique juridique communautaire \u00e0 but non lucratif financ\u00e9e par Aide juridique Ontario.<\/p>\n<p>Nous offrons aux personnes \u00e0 faible revenu du comt\u00e9 de Renfrew des services juridiques gratuits dans les <a href=\"\/fr\/nos-services\/comment-nous-pouvons-vous-aider\/\">domaines du droit<\/a> que nous pratiquons. Services en fran\u00e7ais disponibles.<\/p>\n<p>Nos services comprennent ce qui suit:<\/p>\n<ul>\n<li>vous donner des conseils juridiques<\/li>\n<li>vous repr\u00e9senter devant certains tribunaux et cours<\/li>\n<li>vous r\u00e9f\u00e9rer \u00e0 d\u2019autres agences lorsque nous ne pouvons pas vous aider<\/li>\n<\/ul>\n<p>Nous offrons \u00e9galement des s\u00e9ances d&rsquo;information juridique aux membres du public et \u00e0 d&rsquo;autres organismes communautaires et nous travaillons toujours pour am\u00e9liorer les lois qui touchent les personnes \u00e0 faible revenu en Ontario avec nos partenaires communautaires.<\/p>\n<p>Un conseil d&rsquo;administration communautaire est responsable de l&rsquo;\u00e9laboration de la strat\u00e9gie et de la supervision de notre clinique juridique communautaire.<\/p>\n","protected":false},"excerpt":{"rendered":"<p>Nous sommes une clinique juridique communautaire \u00e0 but non lucratif financ\u00e9e par Aide juridique Ontario.<br \/>\nNous offrons aux personnes \u00e0 faible revenu du comt\u00e9 de Renfrew des services juridiques gratuits dans les <a href=\"\/fr\/nos-services\/comment-nous-pouvons-vous-aider\/\">domaines du droit<\/a> que nous pratiquons. Services en fran\u00e7ais disponibles.<br \/>\nNos services comprennent ce qui suit:<\/p>\n<p>vous donner des conseils juridiques<br \/>\nvous repr\u00e9senter devant certains tribunaux et cours<br \/>\nvous r\u00e9f\u00e9rer \u00e0 d\u2019autres agences lorsque nous ne pouvons pas vous aider<\/p>\n<p>Nous offrons \u00e9galement des s\u00e9ances d&rsquo;information juridique aux membres du public et \u00e0 d&rsquo;autres organismes communautaires et nous travaillons toujours pour am\u00e9liorer les lois qui touchent les personnes \u00e0 faible revenu en Ontario avec nos partenaires communautaires.<\/p>\n","protected":false},"author":2,"featured_media":0,"parent":1515,"menu_order":0,"comment_status":"closed","ping_status":"closed","template":"","meta":{"_bbp_topic_count":0,"_bbp_reply_count":0,"_bbp_total_topic_count":0,"_bbp_total_reply_count":0,"_bbp_voice_count":0,"_bbp_anonymous_reply_count":0,"_bbp_topic_count_hidden":0,"_bbp_reply_count_hidden":0,"_bbp_forum_subforum_count":0,"footnotes":""},"class_list":["post-1519","page","type-page","status-publish","hentry"],"yoast_head":"<!-- This site is optimized with the Yoast SEO plugin v27.0 - https:\/\/yoast.com\/product\/yoast-seo-wordpress\/ -->\n<title>\u00c0 propos de notre clinique juridique - Renfrew County Legal Clinic<\/title>\n<meta name=\"robots\" content=\"index, follow, max-snippet:-1, max-image-preview:large, max-video-preview:-1\" \/>\n<link rel=\"canonical\" href=\"https:\/\/www.renfrewlegalclinic.org\/fr\/qui-nous-sommes\/a-propos-de-notre-clinique-juridique\/\" \/>\n<meta property=\"og:locale\" content=\"fr_FR\" \/>\n<meta property=\"og:type\" content=\"article\" \/>\n<meta property=\"og:title\" content=\"\u00c0 propos de notre clinique juridique - Renfrew County Legal Clinic\" \/>\n<meta property=\"og:description\" content=\"Nous sommes une clinique juridique communautaire \u00e0 but non lucratif financ\u00e9e par Aide juridique Ontario. Nous offrons aux personnes \u00e0 faible revenu du comt\u00e9 de Renfrew des services juridiques gratuits dans les domaines du droit que nous pratiquons. Services en fran\u00e7ais disponibles. Nos services comprennent ce qui suit: vous donner des conseils juridiques vous repr\u00e9senter devant certains tribunaux et cours vous r\u00e9f\u00e9rer \u00e0 d\u2019autres agences lorsque nous ne pouvons pas vous aider Nous offrons \u00e9galement des s\u00e9ances d&rsquo;information juridique aux membres du public et \u00e0 d&rsquo;autres organismes communautaires et nous travaillons toujours pour am\u00e9liorer les lois qui touchent les personnes \u00e0 faible revenu en Ontario avec nos partenaires communautaires.\" \/>\n<meta property=\"og:url\" content=\"https:\/\/www.renfrewlegalclinic.org\/fr\/qui-nous-sommes\/a-propos-de-notre-clinique-juridique\/\" \/>\n<meta property=\"og:site_name\" content=\"Renfrew County Legal Clinic\" \/>\n<meta property=\"article:modified_time\" content=\"2021-06-17T10:32:09+00:00\" \/>\n<meta name=\"twitter:card\" content=\"summary_large_image\" \/>\n<meta name=\"twitter:label1\" content=\"Dur\u00e9e de lecture estim\u00e9e\" \/>\n\t<meta name=\"twitter:data1\" content=\"1 minute\" \/>\n<script type=\"application\/ld+json\" class=\"yoast-schema-graph\">{\"@context\":\"https:\/\/schema.org\",\"@graph\":[{\"@type\":\"WebPage\",\"@id\":\"https:\/\/www.renfrewlegalclinic.org\/fr\/qui-nous-sommes\/a-propos-de-notre-clinique-juridique\/\",\"url\":\"https:\/\/www.renfrewlegalclinic.org\/fr\/qui-nous-sommes\/a-propos-de-notre-clinique-juridique\/\",\"name\":\"\u00c0 propos de notre clinique juridique - Renfrew County Legal Clinic\",\"isPartOf\":{\"@id\":\"https:\/\/www.renfrewlegalclinic.org\/#website\"},\"datePublished\":\"2021-06-16T12:06:56+00:00\",\"dateModified\":\"2021-06-17T10:32:09+00:00\",\"breadcrumb\":{\"@id\":\"https:\/\/www.renfrewlegalclinic.org\/fr\/qui-nous-sommes\/a-propos-de-notre-clinique-juridique\/#breadcrumb\"},\"inLanguage\":\"fr-FR\",\"potentialAction\":[{\"@type\":\"ReadAction\",\"target\":[\"https:\/\/www.renfrewlegalclinic.org\/fr\/qui-nous-sommes\/a-propos-de-notre-clinique-juridique\/\"]}]},{\"@type\":\"BreadcrumbList\",\"@id\":\"https:\/\/www.renfrewlegalclinic.org\/fr\/qui-nous-sommes\/a-propos-de-notre-clinique-juridique\/#breadcrumb\",\"itemListElement\":[{\"@type\":\"ListItem\",\"position\":1,\"name\":\"Home\",\"item\":\"https:\/\/www.renfrewlegalclinic.org\/fr\/\"},{\"@type\":\"ListItem\",\"position\":2,\"name\":\"Qui nous sommes\",\"item\":\"https:\/\/www.renfrewlegalclinic.org\/fr\/qui-nous-sommes\/\"},{\"@type\":\"ListItem\",\"position\":3,\"name\":\"\u00c0 propos de notre clinique juridique\"}]},{\"@type\":\"WebSite\",\"@id\":\"https:\/\/www.renfrewlegalclinic.org\/#website\",\"url\":\"https:\/\/www.renfrewlegalclinic.org\/\",\"name\":\"Renfrew County Legal Clinic\",\"description\":\"\",\"potentialAction\":[{\"@type\":\"SearchAction\",\"target\":{\"@type\":\"EntryPoint\",\"urlTemplate\":\"https:\/\/www.renfrewlegalclinic.org\/?s={search_term_string}\"},\"query-input\":{\"@type\":\"PropertyValueSpecification\",\"valueRequired\":true,\"valueName\":\"search_term_string\"}}],\"inLanguage\":\"fr-FR\"}]}<\/script>\n<!-- \/ Yoast SEO plugin. -->","yoast_head_json":{"title":"\u00c0 propos de notre clinique juridique - Renfrew County Legal Clinic","robots":{"index":"index","follow":"follow","max-snippet":"max-snippet:-1","max-image-preview":"max-image-preview:large","max-video-preview":"max-video-preview:-1"},"canonical":"https:\/\/www.renfrewlegalclinic.org\/fr\/qui-nous-sommes\/a-propos-de-notre-clinique-juridique\/","og_locale":"fr_FR","og_type":"article","og_title":"\u00c0 propos de notre clinique juridique - Renfrew County Legal Clinic","og_description":"Nous sommes une clinique juridique communautaire \u00e0 but non lucratif financ\u00e9e par Aide juridique Ontario. Nous offrons aux personnes \u00e0 faible revenu du comt\u00e9 de Renfrew des services juridiques gratuits dans les domaines du droit que nous pratiquons. Services en fran\u00e7ais disponibles. Nos services comprennent ce qui suit: vous donner des conseils juridiques vous repr\u00e9senter devant certains tribunaux et cours vous r\u00e9f\u00e9rer \u00e0 d\u2019autres agences lorsque nous ne pouvons pas vous aider Nous offrons \u00e9galement des s\u00e9ances d&rsquo;information juridique aux membres du public et \u00e0 d&rsquo;autres organismes communautaires et nous travaillons toujours pour am\u00e9liorer les lois qui touchent les personnes \u00e0 faible revenu en Ontario avec nos partenaires communautaires.","og_url":"https:\/\/www.renfrewlegalclinic.org\/fr\/qui-nous-sommes\/a-propos-de-notre-clinique-juridique\/","og_site_name":"Renfrew County Legal Clinic","article_modified_time":"2021-06-17T10:32:09+00:00","twitter_card":"summary_large_image","twitter_misc":{"Dur\u00e9e de lecture estim\u00e9e":"1 minute"},"schema":{"@context":"https:\/\/schema.org","@graph":[{"@type":"WebPage","@id":"https:\/\/www.renfrewlegalclinic.org\/fr\/qui-nous-sommes\/a-propos-de-notre-clinique-juridique\/","url":"https:\/\/www.renfrewlegalclinic.org\/fr\/qui-nous-sommes\/a-propos-de-notre-clinique-juridique\/","name":"\u00c0 propos de notre clinique juridique - Renfrew County Legal Clinic","isPartOf":{"@id":"https:\/\/www.renfrewlegalclinic.org\/#website"},"datePublished":"2021-06-16T12:06:56+00:00","dateModified":"2021-06-17T10:32:09+00:00","breadcrumb":{"@id":"https:\/\/www.renfrewlegalclinic.org\/fr\/qui-nous-sommes\/a-propos-de-notre-clinique-juridique\/#breadcrumb"},"inLanguage":"fr-FR","potentialAction":[{"@type":"ReadAction","target":["https:\/\/www.renfrewlegalclinic.org\/fr\/qui-nous-sommes\/a-propos-de-notre-clinique-juridique\/"]}]},{"@type":"BreadcrumbList","@id":"https:\/\/www.renfrewlegalclinic.org\/fr\/qui-nous-sommes\/a-propos-de-notre-clinique-juridique\/#breadcrumb","itemListElement":[{"@type":"ListItem","position":1,"name":"Home","item":"https:\/\/www.renfrewlegalclinic.org\/fr\/"},{"@type":"ListItem","position":2,"name":"Qui nous sommes","item":"https:\/\/www.renfrewlegalclinic.org\/fr\/qui-nous-sommes\/"},{"@type":"ListItem","position":3,"name":"\u00c0 propos de notre clinique juridique"}]},{"@type":"WebSite","@id":"https:\/\/www.renfrewlegalclinic.org\/#website","url":"https:\/\/www.renfrewlegalclinic.org\/","name":"Renfrew County Legal Clinic","description":"","potentialAction":[{"@type":"SearchAction","target":{"@type":"EntryPoint","urlTemplate":"https:\/\/www.renfrewlegalclinic.org\/?s={search_term_string}"},"query-input":{"@type":"PropertyValueSpecification","valueRequired":true,"valueName":"search_term_string"}}],"inLanguage":"fr-FR"}]}},"_links":{"self":[{"href":"https:\/\/www.renfrewlegalclinic.org\/fr\/wp-json\/wp\/v2\/pages\/1519","targetHints":{"allow":["GET"]}}],"collection":[{"href":"https:\/\/www.renfrewlegalclinic.org\/fr\/wp-json\/wp\/v2\/pages"}],"about":[{"href":"https:\/\/www.renfrewlegalclinic.org\/fr\/wp-json\/wp\/v2\/types\/page"}],"author":[{"embeddable":true,"href":"https:\/\/www.renfrewlegalclinic.org\/fr\/wp-json\/wp\/v2\/users\/2"}],"replies":[{"embeddable":true,"href":"https:\/\/www.renfrewlegalclinic.org\/fr\/wp-json\/wp\/v2\/comments?post=1519"}],"version-history":[{"count":2,"href":"https:\/\/www.renfrewlegalclinic.org\/fr\/wp-json\/wp\/v2\/pages\/1519\/revisions"}],"predecessor-version":[{"id":1646,"href":"https:\/\/www.renfrewlegalclinic.org\/fr\/wp-json\/wp\/v2\/pages\/1519\/revisions\/1646"}],"up":[{"embeddable":true,"href":"https:\/\/www.renfrewlegalclinic.org\/fr\/wp-json\/wp\/v2\/pages\/1515"}],"wp:attachment":[{"href":"https:\/\/www.renfrewlegalclinic.org\/fr\/wp-json\/wp\/v2\/media?parent=1519"}],"curies":[{"name":"wp","href":"https:\/\/api.w.org\/{rel}","templated":true}]}}