{"id":1521,"date":"2021-06-16T08:08:18","date_gmt":"2021-06-16T12:08:18","guid":{"rendered":"https:\/\/renfrew.turnbull.co\/?page_id=1521"},"modified":"2021-07-05T15:54:40","modified_gmt":"2021-07-05T19:54:40","slug":"services-juridiques-gratuits","status":"publish","type":"page","link":"https:\/\/www.renfrewlegalclinic.org\/fr\/qui-nous-sommes\/services-juridiques-gratuits\/","title":{"rendered":"Services juridiques gratuits"},"content":{"rendered":"\n<p>Tous les services que nous fournissons sont gratuits. Nous fournissons des r\u00e9f\u00e9rences, des conseils, l\u2019aide avec l&rsquo;auto-assistance, des opinions et une repr\u00e9sentation au cas par cas.<\/p>\n<p>Les domaines du droit pratiqu\u00e9s par la clinique sont d\u00e9termin\u00e9s et revus annuellement par le conseil d\u2019administration de la clinique en fonction des besoins identifi\u00e9s de chaque communaut\u00e9 desservie.<\/p>\n<p>Pour plus d&rsquo;informations sur les services juridiques sp\u00e9cifiques que nous fournissons, visitez la page <a href=\"\/fr\/nos-services\/comment-nous-pouvons-vous-aider\/\">Services juridiques<\/a> et <a href=\"\/fr\/nos-services\/education-juridique-publique\/\">\u00c9ducation juridique publique<\/a>.<\/p>\n","protected":false},"excerpt":{"rendered":"<p>Tous les services que nous fournissons sont gratuits. Nous fournissons des r\u00e9f\u00e9rences, des conseils, l\u2019aide avec l&rsquo;auto-assistance, des opinions et une repr\u00e9sentation au cas par cas.<br \/>\nLes domaines du droit pratiqu\u00e9s par la clinique sont d\u00e9termin\u00e9s et revus annuellement par le conseil d\u2019administration de la clinique en fonction des besoins identifi\u00e9s de chaque communaut\u00e9 desservie.<\/p>\n","protected":false},"author":2,"featured_media":0,"parent":1515,"menu_order":0,"comment_status":"closed","ping_status":"closed","template":"","meta":{"_bbp_topic_count":0,"_bbp_reply_count":0,"_bbp_total_topic_count":0,"_bbp_total_reply_count":0,"_bbp_voice_count":0,"_bbp_anonymous_reply_count":0,"_bbp_topic_count_hidden":0,"_bbp_reply_count_hidden":0,"_bbp_forum_subforum_count":0,"footnotes":""},"class_list":["post-1521","page","type-page","status-publish","hentry"],"yoast_head":"<!-- This site is optimized with the Yoast SEO plugin v27.0 - https:\/\/yoast.com\/product\/yoast-seo-wordpress\/ -->\n<title>Services juridiques gratuits - Renfrew County Legal Clinic<\/title>\n<meta name=\"robots\" content=\"index, follow, max-snippet:-1, max-image-preview:large, max-video-preview:-1\" \/>\n<link rel=\"canonical\" href=\"https:\/\/www.renfrewlegalclinic.org\/fr\/qui-nous-sommes\/services-juridiques-gratuits\/\" \/>\n<meta property=\"og:locale\" content=\"fr_FR\" \/>\n<meta property=\"og:type\" content=\"article\" \/>\n<meta property=\"og:title\" content=\"Services juridiques gratuits - Renfrew County Legal Clinic\" \/>\n<meta property=\"og:description\" content=\"Tous les services que nous fournissons sont gratuits. Nous fournissons des r\u00e9f\u00e9rences, des conseils, l\u2019aide avec l&rsquo;auto-assistance, des opinions et une repr\u00e9sentation au cas par cas. Les domaines du droit pratiqu\u00e9s par la clinique sont d\u00e9termin\u00e9s et revus annuellement par le conseil d\u2019administration de la clinique en fonction des besoins identifi\u00e9s de chaque communaut\u00e9 desservie.\" \/>\n<meta property=\"og:url\" content=\"https:\/\/www.renfrewlegalclinic.org\/fr\/qui-nous-sommes\/services-juridiques-gratuits\/\" \/>\n<meta property=\"og:site_name\" content=\"Renfrew County Legal Clinic\" \/>\n<meta property=\"article:modified_time\" content=\"2021-07-05T19:54:40+00:00\" \/>\n<meta name=\"twitter:card\" content=\"summary_large_image\" \/>\n<meta name=\"twitter:label1\" content=\"Dur\u00e9e de lecture estim\u00e9e\" \/>\n\t<meta name=\"twitter:data1\" content=\"1 minute\" \/>\n<script type=\"application\/ld+json\" class=\"yoast-schema-graph\">{\"@context\":\"https:\/\/schema.org\",\"@graph\":[{\"@type\":\"WebPage\",\"@id\":\"https:\/\/www.renfrewlegalclinic.org\/fr\/qui-nous-sommes\/services-juridiques-gratuits\/\",\"url\":\"https:\/\/www.renfrewlegalclinic.org\/fr\/qui-nous-sommes\/services-juridiques-gratuits\/\",\"name\":\"Services juridiques gratuits - Renfrew County Legal Clinic\",\"isPartOf\":{\"@id\":\"https:\/\/www.renfrewlegalclinic.org\/#website\"},\"datePublished\":\"2021-06-16T12:08:18+00:00\",\"dateModified\":\"2021-07-05T19:54:40+00:00\",\"breadcrumb\":{\"@id\":\"https:\/\/www.renfrewlegalclinic.org\/fr\/qui-nous-sommes\/services-juridiques-gratuits\/#breadcrumb\"},\"inLanguage\":\"fr-FR\",\"potentialAction\":[{\"@type\":\"ReadAction\",\"target\":[\"https:\/\/www.renfrewlegalclinic.org\/fr\/qui-nous-sommes\/services-juridiques-gratuits\/\"]}]},{\"@type\":\"BreadcrumbList\",\"@id\":\"https:\/\/www.renfrewlegalclinic.org\/fr\/qui-nous-sommes\/services-juridiques-gratuits\/#breadcrumb\",\"itemListElement\":[{\"@type\":\"ListItem\",\"position\":1,\"name\":\"Home\",\"item\":\"https:\/\/www.renfrewlegalclinic.org\/fr\/\"},{\"@type\":\"ListItem\",\"position\":2,\"name\":\"Qui nous sommes\",\"item\":\"https:\/\/www.renfrewlegalclinic.org\/fr\/qui-nous-sommes\/\"},{\"@type\":\"ListItem\",\"position\":3,\"name\":\"Services juridiques gratuits\"}]},{\"@type\":\"WebSite\",\"@id\":\"https:\/\/www.renfrewlegalclinic.org\/#website\",\"url\":\"https:\/\/www.renfrewlegalclinic.org\/\",\"name\":\"Renfrew County Legal Clinic\",\"description\":\"\",\"potentialAction\":[{\"@type\":\"SearchAction\",\"target\":{\"@type\":\"EntryPoint\",\"urlTemplate\":\"https:\/\/www.renfrewlegalclinic.org\/?s={search_term_string}\"},\"query-input\":{\"@type\":\"PropertyValueSpecification\",\"valueRequired\":true,\"valueName\":\"search_term_string\"}}],\"inLanguage\":\"fr-FR\"}]}<\/script>\n<!-- \/ Yoast SEO plugin. -->","yoast_head_json":{"title":"Services juridiques gratuits - Renfrew County Legal Clinic","robots":{"index":"index","follow":"follow","max-snippet":"max-snippet:-1","max-image-preview":"max-image-preview:large","max-video-preview":"max-video-preview:-1"},"canonical":"https:\/\/www.renfrewlegalclinic.org\/fr\/qui-nous-sommes\/services-juridiques-gratuits\/","og_locale":"fr_FR","og_type":"article","og_title":"Services juridiques gratuits - Renfrew County Legal Clinic","og_description":"Tous les services que nous fournissons sont gratuits. Nous fournissons des r\u00e9f\u00e9rences, des conseils, l\u2019aide avec l&rsquo;auto-assistance, des opinions et une repr\u00e9sentation au cas par cas. Les domaines du droit pratiqu\u00e9s par la clinique sont d\u00e9termin\u00e9s et revus annuellement par le conseil d\u2019administration de la clinique en fonction des besoins identifi\u00e9s de chaque communaut\u00e9 desservie.","og_url":"https:\/\/www.renfrewlegalclinic.org\/fr\/qui-nous-sommes\/services-juridiques-gratuits\/","og_site_name":"Renfrew County Legal Clinic","article_modified_time":"2021-07-05T19:54:40+00:00","twitter_card":"summary_large_image","twitter_misc":{"Dur\u00e9e de lecture estim\u00e9e":"1 minute"},"schema":{"@context":"https:\/\/schema.org","@graph":[{"@type":"WebPage","@id":"https:\/\/www.renfrewlegalclinic.org\/fr\/qui-nous-sommes\/services-juridiques-gratuits\/","url":"https:\/\/www.renfrewlegalclinic.org\/fr\/qui-nous-sommes\/services-juridiques-gratuits\/","name":"Services juridiques gratuits - Renfrew County Legal Clinic","isPartOf":{"@id":"https:\/\/www.renfrewlegalclinic.org\/#website"},"datePublished":"2021-06-16T12:08:18+00:00","dateModified":"2021-07-05T19:54:40+00:00","breadcrumb":{"@id":"https:\/\/www.renfrewlegalclinic.org\/fr\/qui-nous-sommes\/services-juridiques-gratuits\/#breadcrumb"},"inLanguage":"fr-FR","potentialAction":[{"@type":"ReadAction","target":["https:\/\/www.renfrewlegalclinic.org\/fr\/qui-nous-sommes\/services-juridiques-gratuits\/"]}]},{"@type":"BreadcrumbList","@id":"https:\/\/www.renfrewlegalclinic.org\/fr\/qui-nous-sommes\/services-juridiques-gratuits\/#breadcrumb","itemListElement":[{"@type":"ListItem","position":1,"name":"Home","item":"https:\/\/www.renfrewlegalclinic.org\/fr\/"},{"@type":"ListItem","position":2,"name":"Qui nous sommes","item":"https:\/\/www.renfrewlegalclinic.org\/fr\/qui-nous-sommes\/"},{"@type":"ListItem","position":3,"name":"Services juridiques gratuits"}]},{"@type":"WebSite","@id":"https:\/\/www.renfrewlegalclinic.org\/#website","url":"https:\/\/www.renfrewlegalclinic.org\/","name":"Renfrew County Legal Clinic","description":"","potentialAction":[{"@type":"SearchAction","target":{"@type":"EntryPoint","urlTemplate":"https:\/\/www.renfrewlegalclinic.org\/?s={search_term_string}"},"query-input":{"@type":"PropertyValueSpecification","valueRequired":true,"valueName":"search_term_string"}}],"inLanguage":"fr-FR"}]}},"_links":{"self":[{"href":"https:\/\/www.renfrewlegalclinic.org\/fr\/wp-json\/wp\/v2\/pages\/1521","targetHints":{"allow":["GET"]}}],"collection":[{"href":"https:\/\/www.renfrewlegalclinic.org\/fr\/wp-json\/wp\/v2\/pages"}],"about":[{"href":"https:\/\/www.renfrewlegalclinic.org\/fr\/wp-json\/wp\/v2\/types\/page"}],"author":[{"embeddable":true,"href":"https:\/\/www.renfrewlegalclinic.org\/fr\/wp-json\/wp\/v2\/users\/2"}],"replies":[{"embeddable":true,"href":"https:\/\/www.renfrewlegalclinic.org\/fr\/wp-json\/wp\/v2\/comments?post=1521"}],"version-history":[{"count":3,"href":"https:\/\/www.renfrewlegalclinic.org\/fr\/wp-json\/wp\/v2\/pages\/1521\/revisions"}],"predecessor-version":[{"id":1683,"href":"https:\/\/www.renfrewlegalclinic.org\/fr\/wp-json\/wp\/v2\/pages\/1521\/revisions\/1683"}],"up":[{"embeddable":true,"href":"https:\/\/www.renfrewlegalclinic.org\/fr\/wp-json\/wp\/v2\/pages\/1515"}],"wp:attachment":[{"href":"https:\/\/www.renfrewlegalclinic.org\/fr\/wp-json\/wp\/v2\/media?parent=1521"}],"curies":[{"name":"wp","href":"https:\/\/api.w.org\/{rel}","templated":true}]}}