{"id":1523,"date":"2021-06-16T08:09:44","date_gmt":"2021-06-16T12:09:44","guid":{"rendered":"https:\/\/renfrew.turnbull.co\/?page_id=1523"},"modified":"2021-06-16T08:09:47","modified_gmt":"2021-06-16T12:09:47","slug":"notre-personnel","status":"publish","type":"page","link":"https:\/\/www.renfrewlegalclinic.org\/fr\/qui-nous-sommes\/notre-personnel\/","title":{"rendered":"Notre personnel"},"content":{"rendered":"\n<p>Nous avons une petite \u00e9quipe d\u00e9termin\u00e9e \u00e0 vous aider.<\/p>\n<p>Nous nous rendons dans des sites satellites du comt\u00e9 de Renfrew et notre avocat pour les personnes \u00e2g\u00e9es se rend dans les cliniques juridiques et communaut\u00e9s suivantes:<\/p>\n<ul>\n<li>Belleville<\/li>\n<li>Cobourg<\/li>\n<li>Cornwall<\/li>\n<li>Peterborough<\/li>\n<\/ul>\n","protected":false},"excerpt":{"rendered":"<p>Nous avons une petite \u00e9quipe d\u00e9termin\u00e9e \u00e0 vous aider.<br \/>\nNous nous rendons dans des sites satellites du comt\u00e9 de Renfrew et notre avocat pour les personnes \u00e2g\u00e9es se rend dans les cliniques juridiques et communaut\u00e9s suivantes:<\/p>\n<p>Belleville<br \/>\nCobourg<br \/>\nCornwall<br \/>\nPeterborough<\/p>\n","protected":false},"author":2,"featured_media":0,"parent":1515,"menu_order":0,"comment_status":"closed","ping_status":"closed","template":"","meta":{"_bbp_topic_count":0,"_bbp_reply_count":0,"_bbp_total_topic_count":0,"_bbp_total_reply_count":0,"_bbp_voice_count":0,"_bbp_anonymous_reply_count":0,"_bbp_topic_count_hidden":0,"_bbp_reply_count_hidden":0,"_bbp_forum_subforum_count":0,"footnotes":""},"class_list":["post-1523","page","type-page","status-publish","hentry"],"yoast_head":"<!-- This site is optimized with the Yoast SEO plugin v27.0 - https:\/\/yoast.com\/product\/yoast-seo-wordpress\/ -->\n<title>Notre personnel - Renfrew County Legal Clinic<\/title>\n<meta name=\"robots\" content=\"index, follow, max-snippet:-1, max-image-preview:large, max-video-preview:-1\" \/>\n<link rel=\"canonical\" href=\"https:\/\/www.renfrewlegalclinic.org\/fr\/qui-nous-sommes\/notre-personnel\/\" \/>\n<meta property=\"og:locale\" content=\"fr_FR\" \/>\n<meta property=\"og:type\" content=\"article\" \/>\n<meta property=\"og:title\" content=\"Notre personnel - Renfrew County Legal Clinic\" \/>\n<meta property=\"og:description\" content=\"Nous avons une petite \u00e9quipe d\u00e9termin\u00e9e \u00e0 vous aider. Nous nous rendons dans des sites satellites du comt\u00e9 de Renfrew et notre avocat pour les personnes \u00e2g\u00e9es se rend dans les cliniques juridiques et communaut\u00e9s suivantes: Belleville Cobourg Cornwall Peterborough\" \/>\n<meta property=\"og:url\" content=\"https:\/\/www.renfrewlegalclinic.org\/fr\/qui-nous-sommes\/notre-personnel\/\" \/>\n<meta property=\"og:site_name\" content=\"Renfrew County Legal Clinic\" \/>\n<meta property=\"article:modified_time\" content=\"2021-06-16T12:09:47+00:00\" \/>\n<meta name=\"twitter:card\" content=\"summary_large_image\" \/>\n<meta name=\"twitter:label1\" content=\"Dur\u00e9e de lecture estim\u00e9e\" \/>\n\t<meta name=\"twitter:data1\" content=\"1 minute\" \/>\n<script type=\"application\/ld+json\" class=\"yoast-schema-graph\">{\"@context\":\"https:\/\/schema.org\",\"@graph\":[{\"@type\":\"WebPage\",\"@id\":\"https:\/\/www.renfrewlegalclinic.org\/fr\/qui-nous-sommes\/notre-personnel\/\",\"url\":\"https:\/\/www.renfrewlegalclinic.org\/fr\/qui-nous-sommes\/notre-personnel\/\",\"name\":\"Notre personnel - Renfrew County Legal Clinic\",\"isPartOf\":{\"@id\":\"https:\/\/www.renfrewlegalclinic.org\/#website\"},\"datePublished\":\"2021-06-16T12:09:44+00:00\",\"dateModified\":\"2021-06-16T12:09:47+00:00\",\"breadcrumb\":{\"@id\":\"https:\/\/www.renfrewlegalclinic.org\/fr\/qui-nous-sommes\/notre-personnel\/#breadcrumb\"},\"inLanguage\":\"fr-FR\",\"potentialAction\":[{\"@type\":\"ReadAction\",\"target\":[\"https:\/\/www.renfrewlegalclinic.org\/fr\/qui-nous-sommes\/notre-personnel\/\"]}]},{\"@type\":\"BreadcrumbList\",\"@id\":\"https:\/\/www.renfrewlegalclinic.org\/fr\/qui-nous-sommes\/notre-personnel\/#breadcrumb\",\"itemListElement\":[{\"@type\":\"ListItem\",\"position\":1,\"name\":\"Home\",\"item\":\"https:\/\/www.renfrewlegalclinic.org\/fr\/\"},{\"@type\":\"ListItem\",\"position\":2,\"name\":\"Qui nous sommes\",\"item\":\"https:\/\/www.renfrewlegalclinic.org\/fr\/qui-nous-sommes\/\"},{\"@type\":\"ListItem\",\"position\":3,\"name\":\"Notre personnel\"}]},{\"@type\":\"WebSite\",\"@id\":\"https:\/\/www.renfrewlegalclinic.org\/#website\",\"url\":\"https:\/\/www.renfrewlegalclinic.org\/\",\"name\":\"Renfrew County Legal Clinic\",\"description\":\"\",\"potentialAction\":[{\"@type\":\"SearchAction\",\"target\":{\"@type\":\"EntryPoint\",\"urlTemplate\":\"https:\/\/www.renfrewlegalclinic.org\/?s={search_term_string}\"},\"query-input\":{\"@type\":\"PropertyValueSpecification\",\"valueRequired\":true,\"valueName\":\"search_term_string\"}}],\"inLanguage\":\"fr-FR\"}]}<\/script>\n<!-- \/ Yoast SEO plugin. -->","yoast_head_json":{"title":"Notre personnel - Renfrew County Legal Clinic","robots":{"index":"index","follow":"follow","max-snippet":"max-snippet:-1","max-image-preview":"max-image-preview:large","max-video-preview":"max-video-preview:-1"},"canonical":"https:\/\/www.renfrewlegalclinic.org\/fr\/qui-nous-sommes\/notre-personnel\/","og_locale":"fr_FR","og_type":"article","og_title":"Notre personnel - Renfrew County Legal Clinic","og_description":"Nous avons une petite \u00e9quipe d\u00e9termin\u00e9e \u00e0 vous aider. Nous nous rendons dans des sites satellites du comt\u00e9 de Renfrew et notre avocat pour les personnes \u00e2g\u00e9es se rend dans les cliniques juridiques et communaut\u00e9s suivantes: Belleville Cobourg Cornwall Peterborough","og_url":"https:\/\/www.renfrewlegalclinic.org\/fr\/qui-nous-sommes\/notre-personnel\/","og_site_name":"Renfrew County Legal Clinic","article_modified_time":"2021-06-16T12:09:47+00:00","twitter_card":"summary_large_image","twitter_misc":{"Dur\u00e9e de lecture estim\u00e9e":"1 minute"},"schema":{"@context":"https:\/\/schema.org","@graph":[{"@type":"WebPage","@id":"https:\/\/www.renfrewlegalclinic.org\/fr\/qui-nous-sommes\/notre-personnel\/","url":"https:\/\/www.renfrewlegalclinic.org\/fr\/qui-nous-sommes\/notre-personnel\/","name":"Notre personnel - Renfrew County Legal Clinic","isPartOf":{"@id":"https:\/\/www.renfrewlegalclinic.org\/#website"},"datePublished":"2021-06-16T12:09:44+00:00","dateModified":"2021-06-16T12:09:47+00:00","breadcrumb":{"@id":"https:\/\/www.renfrewlegalclinic.org\/fr\/qui-nous-sommes\/notre-personnel\/#breadcrumb"},"inLanguage":"fr-FR","potentialAction":[{"@type":"ReadAction","target":["https:\/\/www.renfrewlegalclinic.org\/fr\/qui-nous-sommes\/notre-personnel\/"]}]},{"@type":"BreadcrumbList","@id":"https:\/\/www.renfrewlegalclinic.org\/fr\/qui-nous-sommes\/notre-personnel\/#breadcrumb","itemListElement":[{"@type":"ListItem","position":1,"name":"Home","item":"https:\/\/www.renfrewlegalclinic.org\/fr\/"},{"@type":"ListItem","position":2,"name":"Qui nous sommes","item":"https:\/\/www.renfrewlegalclinic.org\/fr\/qui-nous-sommes\/"},{"@type":"ListItem","position":3,"name":"Notre personnel"}]},{"@type":"WebSite","@id":"https:\/\/www.renfrewlegalclinic.org\/#website","url":"https:\/\/www.renfrewlegalclinic.org\/","name":"Renfrew County Legal Clinic","description":"","potentialAction":[{"@type":"SearchAction","target":{"@type":"EntryPoint","urlTemplate":"https:\/\/www.renfrewlegalclinic.org\/?s={search_term_string}"},"query-input":{"@type":"PropertyValueSpecification","valueRequired":true,"valueName":"search_term_string"}}],"inLanguage":"fr-FR"}]}},"_links":{"self":[{"href":"https:\/\/www.renfrewlegalclinic.org\/fr\/wp-json\/wp\/v2\/pages\/1523","targetHints":{"allow":["GET"]}}],"collection":[{"href":"https:\/\/www.renfrewlegalclinic.org\/fr\/wp-json\/wp\/v2\/pages"}],"about":[{"href":"https:\/\/www.renfrewlegalclinic.org\/fr\/wp-json\/wp\/v2\/types\/page"}],"author":[{"embeddable":true,"href":"https:\/\/www.renfrewlegalclinic.org\/fr\/wp-json\/wp\/v2\/users\/2"}],"replies":[{"embeddable":true,"href":"https:\/\/www.renfrewlegalclinic.org\/fr\/wp-json\/wp\/v2\/comments?post=1523"}],"version-history":[{"count":1,"href":"https:\/\/www.renfrewlegalclinic.org\/fr\/wp-json\/wp\/v2\/pages\/1523\/revisions"}],"predecessor-version":[{"id":1524,"href":"https:\/\/www.renfrewlegalclinic.org\/fr\/wp-json\/wp\/v2\/pages\/1523\/revisions\/1524"}],"up":[{"embeddable":true,"href":"https:\/\/www.renfrewlegalclinic.org\/fr\/wp-json\/wp\/v2\/pages\/1515"}],"wp:attachment":[{"href":"https:\/\/www.renfrewlegalclinic.org\/fr\/wp-json\/wp\/v2\/media?parent=1523"}],"curies":[{"name":"wp","href":"https:\/\/api.w.org\/{rel}","templated":true}]}}