{"id":1525,"date":"2021-06-16T08:11:13","date_gmt":"2021-06-16T12:11:13","guid":{"rendered":"https:\/\/renfrew.turnbull.co\/?page_id=1525"},"modified":"2021-07-03T05:31:16","modified_gmt":"2021-07-03T09:31:16","slug":"notre-conseil-dadministration-et-nos-membres","status":"publish","type":"page","link":"https:\/\/www.renfrewlegalclinic.org\/fr\/qui-nous-sommes\/notre-conseil-dadministration-et-nos-membres\/","title":{"rendered":"Notre conseil d&rsquo;administration et nos membres"},"content":{"rendered":"\n<p>Notre clinique est r\u00e9gie par un conseil d&rsquo;administration b\u00e9n\u00e9vole \u00e9lu chaque ann\u00e9e par les membres de notre clinique de partout dans le comt\u00e9 de Renfrew. Veuillez nous contacter si vous souhaitez devenir membre de notre clinique ou participer \u00e0 des \u00e9v\u00e9nements ou campagnes dans lesquels notre clinique est impliqu\u00e9e.<\/p>\n<p>Les personnes qui vivent ou travaillent dans le comt\u00e9 de Renfrew peuvent devenir membres de la clinique et peuvent assister et voter \u00e0 toutes les r\u00e9unions des membres. Si vous souhaitez devenir membre, veuillez nous appeler pour une application ou la t\u00e9l\u00e9charger <a href=\"\/tcodownloads\/1002\/\" target=\"_blank\" rel=\"noopener\">ici<\/a> (PDF). L&rsquo;adh\u00e9sion est gratuite.<\/p>\n","protected":false},"excerpt":{"rendered":"<p>Notre clinique est r\u00e9gie par un conseil d&rsquo;administration b\u00e9n\u00e9vole \u00e9lu chaque ann\u00e9e par les membres de notre clinique de partout dans le comt\u00e9 de Renfrew. Veuillez nous contacter si vous souhaitez devenir membre de notre clinique ou participer \u00e0 des \u00e9v\u00e9nements ou campagnes dans lesquels notre clinique est impliqu\u00e9e.<br \/>\nLes personnes qui vivent ou travaillent dans le comt\u00e9 de Renfrew peuvent devenir membres de la clinique et peuvent assister et voter \u00e0 toutes les r\u00e9unions des membres.<\/p>\n","protected":false},"author":2,"featured_media":0,"parent":1515,"menu_order":0,"comment_status":"closed","ping_status":"closed","template":"","meta":{"_bbp_topic_count":0,"_bbp_reply_count":0,"_bbp_total_topic_count":0,"_bbp_total_reply_count":0,"_bbp_voice_count":0,"_bbp_anonymous_reply_count":0,"_bbp_topic_count_hidden":0,"_bbp_reply_count_hidden":0,"_bbp_forum_subforum_count":0,"footnotes":""},"class_list":["post-1525","page","type-page","status-publish","hentry"],"yoast_head":"<!-- This site is optimized with the Yoast SEO plugin v27.0 - https:\/\/yoast.com\/product\/yoast-seo-wordpress\/ -->\n<title>Notre conseil d&#039;administration et nos membres - Renfrew County Legal Clinic<\/title>\n<meta name=\"robots\" content=\"index, follow, max-snippet:-1, max-image-preview:large, max-video-preview:-1\" \/>\n<link rel=\"canonical\" href=\"https:\/\/www.renfrewlegalclinic.org\/fr\/qui-nous-sommes\/notre-conseil-dadministration-et-nos-membres\/\" \/>\n<meta property=\"og:locale\" content=\"fr_FR\" \/>\n<meta property=\"og:type\" content=\"article\" \/>\n<meta property=\"og:title\" content=\"Notre conseil d&#039;administration et nos membres - Renfrew County Legal Clinic\" \/>\n<meta property=\"og:description\" content=\"Notre clinique est r\u00e9gie par un conseil d&rsquo;administration b\u00e9n\u00e9vole \u00e9lu chaque ann\u00e9e par les membres de notre clinique de partout dans le comt\u00e9 de Renfrew. Veuillez nous contacter si vous souhaitez devenir membre de notre clinique ou participer \u00e0 des \u00e9v\u00e9nements ou campagnes dans lesquels notre clinique est impliqu\u00e9e. Les personnes qui vivent ou travaillent dans le comt\u00e9 de Renfrew peuvent devenir membres de la clinique et peuvent assister et voter \u00e0 toutes les r\u00e9unions des membres.\" \/>\n<meta property=\"og:url\" content=\"https:\/\/www.renfrewlegalclinic.org\/fr\/qui-nous-sommes\/notre-conseil-dadministration-et-nos-membres\/\" \/>\n<meta property=\"og:site_name\" content=\"Renfrew County Legal Clinic\" \/>\n<meta property=\"article:modified_time\" content=\"2021-07-03T09:31:16+00:00\" \/>\n<meta name=\"twitter:card\" content=\"summary_large_image\" \/>\n<meta name=\"twitter:label1\" content=\"Dur\u00e9e de lecture estim\u00e9e\" \/>\n\t<meta name=\"twitter:data1\" content=\"1 minute\" \/>\n<script type=\"application\/ld+json\" class=\"yoast-schema-graph\">{\"@context\":\"https:\/\/schema.org\",\"@graph\":[{\"@type\":\"WebPage\",\"@id\":\"https:\/\/www.renfrewlegalclinic.org\/fr\/qui-nous-sommes\/notre-conseil-dadministration-et-nos-membres\/\",\"url\":\"https:\/\/www.renfrewlegalclinic.org\/fr\/qui-nous-sommes\/notre-conseil-dadministration-et-nos-membres\/\",\"name\":\"Notre conseil d'administration et nos membres - Renfrew County Legal Clinic\",\"isPartOf\":{\"@id\":\"https:\/\/www.renfrewlegalclinic.org\/#website\"},\"datePublished\":\"2021-06-16T12:11:13+00:00\",\"dateModified\":\"2021-07-03T09:31:16+00:00\",\"breadcrumb\":{\"@id\":\"https:\/\/www.renfrewlegalclinic.org\/fr\/qui-nous-sommes\/notre-conseil-dadministration-et-nos-membres\/#breadcrumb\"},\"inLanguage\":\"fr-FR\",\"potentialAction\":[{\"@type\":\"ReadAction\",\"target\":[\"https:\/\/www.renfrewlegalclinic.org\/fr\/qui-nous-sommes\/notre-conseil-dadministration-et-nos-membres\/\"]}]},{\"@type\":\"BreadcrumbList\",\"@id\":\"https:\/\/www.renfrewlegalclinic.org\/fr\/qui-nous-sommes\/notre-conseil-dadministration-et-nos-membres\/#breadcrumb\",\"itemListElement\":[{\"@type\":\"ListItem\",\"position\":1,\"name\":\"Home\",\"item\":\"https:\/\/www.renfrewlegalclinic.org\/fr\/\"},{\"@type\":\"ListItem\",\"position\":2,\"name\":\"Qui nous sommes\",\"item\":\"https:\/\/www.renfrewlegalclinic.org\/fr\/qui-nous-sommes\/\"},{\"@type\":\"ListItem\",\"position\":3,\"name\":\"Notre conseil d&rsquo;administration et nos membres\"}]},{\"@type\":\"WebSite\",\"@id\":\"https:\/\/www.renfrewlegalclinic.org\/#website\",\"url\":\"https:\/\/www.renfrewlegalclinic.org\/\",\"name\":\"Renfrew County Legal Clinic\",\"description\":\"\",\"potentialAction\":[{\"@type\":\"SearchAction\",\"target\":{\"@type\":\"EntryPoint\",\"urlTemplate\":\"https:\/\/www.renfrewlegalclinic.org\/?s={search_term_string}\"},\"query-input\":{\"@type\":\"PropertyValueSpecification\",\"valueRequired\":true,\"valueName\":\"search_term_string\"}}],\"inLanguage\":\"fr-FR\"}]}<\/script>\n<!-- \/ Yoast SEO plugin. -->","yoast_head_json":{"title":"Notre conseil d'administration et nos membres - Renfrew County Legal Clinic","robots":{"index":"index","follow":"follow","max-snippet":"max-snippet:-1","max-image-preview":"max-image-preview:large","max-video-preview":"max-video-preview:-1"},"canonical":"https:\/\/www.renfrewlegalclinic.org\/fr\/qui-nous-sommes\/notre-conseil-dadministration-et-nos-membres\/","og_locale":"fr_FR","og_type":"article","og_title":"Notre conseil d'administration et nos membres - Renfrew County Legal Clinic","og_description":"Notre clinique est r\u00e9gie par un conseil d&rsquo;administration b\u00e9n\u00e9vole \u00e9lu chaque ann\u00e9e par les membres de notre clinique de partout dans le comt\u00e9 de Renfrew. Veuillez nous contacter si vous souhaitez devenir membre de notre clinique ou participer \u00e0 des \u00e9v\u00e9nements ou campagnes dans lesquels notre clinique est impliqu\u00e9e. Les personnes qui vivent ou travaillent dans le comt\u00e9 de Renfrew peuvent devenir membres de la clinique et peuvent assister et voter \u00e0 toutes les r\u00e9unions des membres.","og_url":"https:\/\/www.renfrewlegalclinic.org\/fr\/qui-nous-sommes\/notre-conseil-dadministration-et-nos-membres\/","og_site_name":"Renfrew County Legal Clinic","article_modified_time":"2021-07-03T09:31:16+00:00","twitter_card":"summary_large_image","twitter_misc":{"Dur\u00e9e de lecture estim\u00e9e":"1 minute"},"schema":{"@context":"https:\/\/schema.org","@graph":[{"@type":"WebPage","@id":"https:\/\/www.renfrewlegalclinic.org\/fr\/qui-nous-sommes\/notre-conseil-dadministration-et-nos-membres\/","url":"https:\/\/www.renfrewlegalclinic.org\/fr\/qui-nous-sommes\/notre-conseil-dadministration-et-nos-membres\/","name":"Notre conseil d'administration et nos membres - Renfrew County Legal Clinic","isPartOf":{"@id":"https:\/\/www.renfrewlegalclinic.org\/#website"},"datePublished":"2021-06-16T12:11:13+00:00","dateModified":"2021-07-03T09:31:16+00:00","breadcrumb":{"@id":"https:\/\/www.renfrewlegalclinic.org\/fr\/qui-nous-sommes\/notre-conseil-dadministration-et-nos-membres\/#breadcrumb"},"inLanguage":"fr-FR","potentialAction":[{"@type":"ReadAction","target":["https:\/\/www.renfrewlegalclinic.org\/fr\/qui-nous-sommes\/notre-conseil-dadministration-et-nos-membres\/"]}]},{"@type":"BreadcrumbList","@id":"https:\/\/www.renfrewlegalclinic.org\/fr\/qui-nous-sommes\/notre-conseil-dadministration-et-nos-membres\/#breadcrumb","itemListElement":[{"@type":"ListItem","position":1,"name":"Home","item":"https:\/\/www.renfrewlegalclinic.org\/fr\/"},{"@type":"ListItem","position":2,"name":"Qui nous sommes","item":"https:\/\/www.renfrewlegalclinic.org\/fr\/qui-nous-sommes\/"},{"@type":"ListItem","position":3,"name":"Notre conseil d&rsquo;administration et nos membres"}]},{"@type":"WebSite","@id":"https:\/\/www.renfrewlegalclinic.org\/#website","url":"https:\/\/www.renfrewlegalclinic.org\/","name":"Renfrew County Legal Clinic","description":"","potentialAction":[{"@type":"SearchAction","target":{"@type":"EntryPoint","urlTemplate":"https:\/\/www.renfrewlegalclinic.org\/?s={search_term_string}"},"query-input":{"@type":"PropertyValueSpecification","valueRequired":true,"valueName":"search_term_string"}}],"inLanguage":"fr-FR"}]}},"_links":{"self":[{"href":"https:\/\/www.renfrewlegalclinic.org\/fr\/wp-json\/wp\/v2\/pages\/1525","targetHints":{"allow":["GET"]}}],"collection":[{"href":"https:\/\/www.renfrewlegalclinic.org\/fr\/wp-json\/wp\/v2\/pages"}],"about":[{"href":"https:\/\/www.renfrewlegalclinic.org\/fr\/wp-json\/wp\/v2\/types\/page"}],"author":[{"embeddable":true,"href":"https:\/\/www.renfrewlegalclinic.org\/fr\/wp-json\/wp\/v2\/users\/2"}],"replies":[{"embeddable":true,"href":"https:\/\/www.renfrewlegalclinic.org\/fr\/wp-json\/wp\/v2\/comments?post=1525"}],"version-history":[{"count":2,"href":"https:\/\/www.renfrewlegalclinic.org\/fr\/wp-json\/wp\/v2\/pages\/1525\/revisions"}],"predecessor-version":[{"id":1679,"href":"https:\/\/www.renfrewlegalclinic.org\/fr\/wp-json\/wp\/v2\/pages\/1525\/revisions\/1679"}],"up":[{"embeddable":true,"href":"https:\/\/www.renfrewlegalclinic.org\/fr\/wp-json\/wp\/v2\/pages\/1515"}],"wp:attachment":[{"href":"https:\/\/www.renfrewlegalclinic.org\/fr\/wp-json\/wp\/v2\/media?parent=1525"}],"curies":[{"name":"wp","href":"https:\/\/api.w.org\/{rel}","templated":true}]}}