{"id":1529,"date":"2021-06-16T08:17:41","date_gmt":"2021-06-16T12:17:41","guid":{"rendered":"https:\/\/renfrew.turnbull.co\/?page_id=1529"},"modified":"2021-06-17T06:44:29","modified_gmt":"2021-06-17T10:44:29","slug":"comment-nous-pouvons-vous-aider","status":"publish","type":"page","link":"https:\/\/www.renfrewlegalclinic.org\/fr\/nos-services\/comment-nous-pouvons-vous-aider\/","title":{"rendered":"Comment nous pouvons vous aider"},"content":{"rendered":"\n<p>Nous offrons des services juridiques gratuits aux r\u00e9sidents \u00e0 faible revenu du comt\u00e9 de Renfrew et des environs. Nos services sont offerts sans frais aux clients qui se <a href=\"\/fr\/nos-services\/admissibilite-financiere\/\">qualifient financi\u00e8rement<\/a>.<\/p>\n<h2>Services de la clinique<\/h2>\n<ul>\n<li><a href=\"\/fr\/legal-topic\/ontario-au-travail-ot\/\">Ontario au travail (OT)<\/a><\/li>\n<li><a href=\"\/fr\/legal-topic\/programme-ontarien-de-soutien-aux-personnes-handicapees-posph\/\">Programme ontarien de soutien aux personnes handicap\u00e9es (POSPH)<\/a><\/li>\n<li><a href=\"\/fr\/legal-topic\/droit-du-logement\/\">Droit du logement<\/a> (pour les locataires uniquement)<\/li>\n<li><a href=\"\/fr\/legal-topic\/regime-de-pensions-du-canada-rpc\/\">R\u00e9gime de pensions du Canada<\/a><\/li>\n<li><a href=\"\/fr\/legal-topic\/commission-de-la-securite-professionnelle-et-de-lassurance-contre-les-accidents-du-travail-cspaat\/\">Commission de la s\u00e9curit\u00e9 professionnelle et de l&rsquo;assurance contre les accidents du travail (CSPAAT)<\/a><\/li>\n<li><a href=\"\/fr\/legal-topic\/droits-de-la-personne\/\">Droits de la personne<\/a><\/li>\n<li><a href=\"\/fr\/legal-topic\/emploi-et-travail\/\">Droit du travail<\/a> (questions non syndicales)<\/li>\n<li><a href=\"\/fr\/legal-topic\/dette-et-droits-des-consommateurs\/\">Agences de dette et de recouvrement<\/a><\/li>\n<li><a href=\"\/fr\/legal-topic\/services-aux-victimes-dactes-criminels\/\">Services aux victimes d&rsquo;actes criminels<\/a><\/li>\n<li><a href=\"\/fr\/legal-topic\/droits-des-aines\/\">Droits des a\u00een\u00e9s<\/a><\/li>\n<li><a href=\"\/fr\/legal-topic\/harcelement-sexuel-sur-le-lieu-de-travail\/\">Harc\u00e8lement sexuel sur le lieu de travail<\/a><\/li>\n<\/ul>\n<p>Services en fran\u00e7ais disponibles.<\/p>\n<p>Les domaines du droit pratiqu\u00e9s par la clinique sont d\u00e9termin\u00e9s et revus annuellement par le conseil d\u2019administration de la clinique en fonction des besoins identifi\u00e9s de chaque communaut\u00e9 desservie.<\/p>\n<h2>Nous ne pouvons pas vous aider dans certains domaines du droit\u2026<\/h2>\n<p>Nous ne pouvons pas vous aider en mati\u00e8re de <a href=\"\/fr\/legal-topic\/droit-de-la-famille\/\">droit de la famille<\/a> ou de <a href=\"\/fr\/legal-topic\/droit-penal\/\">droit p\u00e9nal<\/a>. Si nous ne pouvons pas vous aider, nous essaierons de vous r\u00e9f\u00e9rer \u00e0 quelqu&rsquo;un qui le peut. Pour obtenir de l&rsquo;aide dans d&rsquo;autres domaines du droit, consultez notre section sur les <a href=\"\/fr\/information-juridique\/\">informations juridiques<\/a>.<\/p>\n","protected":false},"excerpt":{"rendered":"<p>Nous offrons des services juridiques gratuits aux r\u00e9sidents \u00e0 faible revenu du comt\u00e9 de Renfrew et des environs. Nos services sont offerts sans frais aux clients qui se <a href=\"\/fr\/nos-services\/admissibilite-financiere\/\">qualifient financi\u00e8rement<\/a>.<br \/>\nServices de la clinique<\/p>\n<p><a href=\"\/fr\/legal-topic\/ontario-au-travail-ot\/\">Ontario au travail (OT)<\/a><br \/>\n<a href=\"\/fr\/legal-topic\/programme-ontarien-de-soutien-aux-personnes-handicapees-posph\/\">Programme ontarien de soutien aux personnes handicap\u00e9es (POSPH)<\/a><br \/>\n<a href=\"\/fr\/legal-topic\/droit-du-logement\/\">Droit du logement<\/a> (pour les locataires uniquement)<br \/>\n<a href=\"\/fr\/legal-topic\/regime-de-pensions-du-canada-rpc\/\">R\u00e9gime de pensions du Canada<\/a><br \/>\n<a href=\"\/fr\/legal-topic\/commission-de-la-securite-professionnelle-et-de-lassurance-contre-les-accidents-du-travail-cspaat\/\">Commission de la s\u00e9curit\u00e9 professionnelle et de l&rsquo;assurance contre les accidents du travail (CSPAAT)<\/a><br \/>\n<a href=\"\/fr\/legal-topic\/droits-de-la-personne\/\">Droits de la personne<\/a><br \/>\n<a href=\"\/fr\/legal-topic\/emploi-et-travail\/\">Droit du travail<\/a> (questions non syndicales)<br \/>\n<a href=\"\/fr\/legal-topic\/dette-et-droits-des-consommateurs\/\">Agences de dette et de recouvrement<\/a><br \/>\n<a href=\"\/fr\/legal-topic\/services-aux-victimes-dactes-criminels\/\">Services aux victimes d&rsquo;actes criminels<\/a><br \/>\n<a href=\"\/fr\/legal-topic\/droits-des-aines\/\">Droits des a\u00een\u00e9s<\/a><br \/>\n<a href=\"\/fr\/legal-topic\/harcelement-sexuel-sur-le-lieu-de-travail\/\">Harc\u00e8lement sexuel sur le lieu de travail<\/a><\/p>\n<p>Services en fran\u00e7ais disponibles.<\/p>\n","protected":false},"author":2,"featured_media":0,"parent":1527,"menu_order":0,"comment_status":"closed","ping_status":"closed","template":"","meta":{"_bbp_topic_count":0,"_bbp_reply_count":0,"_bbp_total_topic_count":0,"_bbp_total_reply_count":0,"_bbp_voice_count":0,"_bbp_anonymous_reply_count":0,"_bbp_topic_count_hidden":0,"_bbp_reply_count_hidden":0,"_bbp_forum_subforum_count":0,"footnotes":""},"class_list":["post-1529","page","type-page","status-publish","hentry"],"yoast_head":"<!-- This site is optimized with the Yoast SEO plugin v27.0 - https:\/\/yoast.com\/product\/yoast-seo-wordpress\/ -->\n<title>Comment nous pouvons vous aider - Renfrew County Legal Clinic<\/title>\n<meta name=\"robots\" content=\"index, follow, max-snippet:-1, max-image-preview:large, max-video-preview:-1\" \/>\n<link rel=\"canonical\" href=\"https:\/\/www.renfrewlegalclinic.org\/fr\/nos-services\/comment-nous-pouvons-vous-aider\/\" \/>\n<meta property=\"og:locale\" content=\"fr_FR\" \/>\n<meta property=\"og:type\" content=\"article\" \/>\n<meta property=\"og:title\" content=\"Comment nous pouvons vous aider - Renfrew County Legal Clinic\" \/>\n<meta property=\"og:description\" content=\"Nous offrons des services juridiques gratuits aux r\u00e9sidents \u00e0 faible revenu du comt\u00e9 de Renfrew et des environs. Nos services sont offerts sans frais aux clients qui se qualifient financi\u00e8rement. Services de la clinique Ontario au travail (OT) Programme ontarien de soutien aux personnes handicap\u00e9es (POSPH) Droit du logement (pour les locataires uniquement) R\u00e9gime de pensions du Canada Commission de la s\u00e9curit\u00e9 professionnelle et de l&rsquo;assurance contre les accidents du travail (CSPAAT) Droits de la personne Droit du travail (questions non syndicales) Agences de dette et de recouvrement Services aux victimes d&rsquo;actes criminels Droits des a\u00een\u00e9s Harc\u00e8lement sexuel sur le lieu de travail Services en fran\u00e7ais disponibles.\" \/>\n<meta property=\"og:url\" content=\"https:\/\/www.renfrewlegalclinic.org\/fr\/nos-services\/comment-nous-pouvons-vous-aider\/\" \/>\n<meta property=\"og:site_name\" content=\"Renfrew County Legal Clinic\" \/>\n<meta property=\"article:modified_time\" content=\"2021-06-17T10:44:29+00:00\" \/>\n<meta name=\"twitter:card\" content=\"summary_large_image\" \/>\n<meta name=\"twitter:label1\" content=\"Dur\u00e9e de lecture estim\u00e9e\" \/>\n\t<meta name=\"twitter:data1\" content=\"1 minute\" \/>\n<script type=\"application\/ld+json\" class=\"yoast-schema-graph\">{\"@context\":\"https:\/\/schema.org\",\"@graph\":[{\"@type\":\"WebPage\",\"@id\":\"https:\/\/www.renfrewlegalclinic.org\/fr\/nos-services\/comment-nous-pouvons-vous-aider\/\",\"url\":\"https:\/\/www.renfrewlegalclinic.org\/fr\/nos-services\/comment-nous-pouvons-vous-aider\/\",\"name\":\"Comment nous pouvons vous aider - Renfrew County Legal Clinic\",\"isPartOf\":{\"@id\":\"https:\/\/www.renfrewlegalclinic.org\/#website\"},\"datePublished\":\"2021-06-16T12:17:41+00:00\",\"dateModified\":\"2021-06-17T10:44:29+00:00\",\"breadcrumb\":{\"@id\":\"https:\/\/www.renfrewlegalclinic.org\/fr\/nos-services\/comment-nous-pouvons-vous-aider\/#breadcrumb\"},\"inLanguage\":\"fr-FR\",\"potentialAction\":[{\"@type\":\"ReadAction\",\"target\":[\"https:\/\/www.renfrewlegalclinic.org\/fr\/nos-services\/comment-nous-pouvons-vous-aider\/\"]}]},{\"@type\":\"BreadcrumbList\",\"@id\":\"https:\/\/www.renfrewlegalclinic.org\/fr\/nos-services\/comment-nous-pouvons-vous-aider\/#breadcrumb\",\"itemListElement\":[{\"@type\":\"ListItem\",\"position\":1,\"name\":\"Home\",\"item\":\"https:\/\/www.renfrewlegalclinic.org\/fr\/\"},{\"@type\":\"ListItem\",\"position\":2,\"name\":\"Nos services\",\"item\":\"https:\/\/www.renfrewlegalclinic.org\/fr\/nos-services\/\"},{\"@type\":\"ListItem\",\"position\":3,\"name\":\"Comment nous pouvons vous aider\"}]},{\"@type\":\"WebSite\",\"@id\":\"https:\/\/www.renfrewlegalclinic.org\/#website\",\"url\":\"https:\/\/www.renfrewlegalclinic.org\/\",\"name\":\"Renfrew County Legal Clinic\",\"description\":\"\",\"potentialAction\":[{\"@type\":\"SearchAction\",\"target\":{\"@type\":\"EntryPoint\",\"urlTemplate\":\"https:\/\/www.renfrewlegalclinic.org\/?s={search_term_string}\"},\"query-input\":{\"@type\":\"PropertyValueSpecification\",\"valueRequired\":true,\"valueName\":\"search_term_string\"}}],\"inLanguage\":\"fr-FR\"}]}<\/script>\n<!-- \/ Yoast SEO plugin. -->","yoast_head_json":{"title":"Comment nous pouvons vous aider - Renfrew County Legal Clinic","robots":{"index":"index","follow":"follow","max-snippet":"max-snippet:-1","max-image-preview":"max-image-preview:large","max-video-preview":"max-video-preview:-1"},"canonical":"https:\/\/www.renfrewlegalclinic.org\/fr\/nos-services\/comment-nous-pouvons-vous-aider\/","og_locale":"fr_FR","og_type":"article","og_title":"Comment nous pouvons vous aider - Renfrew County Legal Clinic","og_description":"Nous offrons des services juridiques gratuits aux r\u00e9sidents \u00e0 faible revenu du comt\u00e9 de Renfrew et des environs. Nos services sont offerts sans frais aux clients qui se qualifient financi\u00e8rement. Services de la clinique Ontario au travail (OT) Programme ontarien de soutien aux personnes handicap\u00e9es (POSPH) Droit du logement (pour les locataires uniquement) R\u00e9gime de pensions du Canada Commission de la s\u00e9curit\u00e9 professionnelle et de l&rsquo;assurance contre les accidents du travail (CSPAAT) Droits de la personne Droit du travail (questions non syndicales) Agences de dette et de recouvrement Services aux victimes d&rsquo;actes criminels Droits des a\u00een\u00e9s Harc\u00e8lement sexuel sur le lieu de travail Services en fran\u00e7ais disponibles.","og_url":"https:\/\/www.renfrewlegalclinic.org\/fr\/nos-services\/comment-nous-pouvons-vous-aider\/","og_site_name":"Renfrew County Legal Clinic","article_modified_time":"2021-06-17T10:44:29+00:00","twitter_card":"summary_large_image","twitter_misc":{"Dur\u00e9e de lecture estim\u00e9e":"1 minute"},"schema":{"@context":"https:\/\/schema.org","@graph":[{"@type":"WebPage","@id":"https:\/\/www.renfrewlegalclinic.org\/fr\/nos-services\/comment-nous-pouvons-vous-aider\/","url":"https:\/\/www.renfrewlegalclinic.org\/fr\/nos-services\/comment-nous-pouvons-vous-aider\/","name":"Comment nous pouvons vous aider - Renfrew County Legal Clinic","isPartOf":{"@id":"https:\/\/www.renfrewlegalclinic.org\/#website"},"datePublished":"2021-06-16T12:17:41+00:00","dateModified":"2021-06-17T10:44:29+00:00","breadcrumb":{"@id":"https:\/\/www.renfrewlegalclinic.org\/fr\/nos-services\/comment-nous-pouvons-vous-aider\/#breadcrumb"},"inLanguage":"fr-FR","potentialAction":[{"@type":"ReadAction","target":["https:\/\/www.renfrewlegalclinic.org\/fr\/nos-services\/comment-nous-pouvons-vous-aider\/"]}]},{"@type":"BreadcrumbList","@id":"https:\/\/www.renfrewlegalclinic.org\/fr\/nos-services\/comment-nous-pouvons-vous-aider\/#breadcrumb","itemListElement":[{"@type":"ListItem","position":1,"name":"Home","item":"https:\/\/www.renfrewlegalclinic.org\/fr\/"},{"@type":"ListItem","position":2,"name":"Nos services","item":"https:\/\/www.renfrewlegalclinic.org\/fr\/nos-services\/"},{"@type":"ListItem","position":3,"name":"Comment nous pouvons vous aider"}]},{"@type":"WebSite","@id":"https:\/\/www.renfrewlegalclinic.org\/#website","url":"https:\/\/www.renfrewlegalclinic.org\/","name":"Renfrew County Legal Clinic","description":"","potentialAction":[{"@type":"SearchAction","target":{"@type":"EntryPoint","urlTemplate":"https:\/\/www.renfrewlegalclinic.org\/?s={search_term_string}"},"query-input":{"@type":"PropertyValueSpecification","valueRequired":true,"valueName":"search_term_string"}}],"inLanguage":"fr-FR"}]}},"_links":{"self":[{"href":"https:\/\/www.renfrewlegalclinic.org\/fr\/wp-json\/wp\/v2\/pages\/1529","targetHints":{"allow":["GET"]}}],"collection":[{"href":"https:\/\/www.renfrewlegalclinic.org\/fr\/wp-json\/wp\/v2\/pages"}],"about":[{"href":"https:\/\/www.renfrewlegalclinic.org\/fr\/wp-json\/wp\/v2\/types\/page"}],"author":[{"embeddable":true,"href":"https:\/\/www.renfrewlegalclinic.org\/fr\/wp-json\/wp\/v2\/users\/2"}],"replies":[{"embeddable":true,"href":"https:\/\/www.renfrewlegalclinic.org\/fr\/wp-json\/wp\/v2\/comments?post=1529"}],"version-history":[{"count":3,"href":"https:\/\/www.renfrewlegalclinic.org\/fr\/wp-json\/wp\/v2\/pages\/1529\/revisions"}],"predecessor-version":[{"id":1653,"href":"https:\/\/www.renfrewlegalclinic.org\/fr\/wp-json\/wp\/v2\/pages\/1529\/revisions\/1653"}],"up":[{"embeddable":true,"href":"https:\/\/www.renfrewlegalclinic.org\/fr\/wp-json\/wp\/v2\/pages\/1527"}],"wp:attachment":[{"href":"https:\/\/www.renfrewlegalclinic.org\/fr\/wp-json\/wp\/v2\/media?parent=1529"}],"curies":[{"name":"wp","href":"https:\/\/api.w.org\/{rel}","templated":true}]}}