{"id":1533,"date":"2021-06-16T08:22:19","date_gmt":"2021-06-16T12:22:19","guid":{"rendered":"https:\/\/renfrew.turnbull.co\/?page_id=1533"},"modified":"2021-06-16T08:22:21","modified_gmt":"2021-06-16T12:22:21","slug":"admissibilite-financiere","status":"publish","type":"page","link":"https:\/\/www.renfrewlegalclinic.org\/fr\/nos-services\/admissibilite-financiere\/","title":{"rendered":"Admissibilit\u00e9 financi\u00e8re"},"content":{"rendered":"\n<h2>Qui est admissible?<\/h2>\n<ul>\n<li>\u00a0Les personnes dont les probl\u00e8mes rel\u00e8vent des domaines du droit pratiqu\u00e9s par la Clinique.<\/li>\n<li>Les personnes dont le revenu et les actifs sont conformes aux lignes directrices \u00e9tablies par Aide juridique Ontario pour la repr\u00e9sentation.<\/li>\n<\/ul>\n<p>* L&rsquo;admissibilit\u00e9 financi\u00e8re n&rsquo;est pas prise en compte lorsque le personnel ne fournit que des conseils sommaires.<\/p>\n<p>Si votre principale source de revenu familial est l&rsquo;une des suivantes, vous \u00eates alors admissible financi\u00e8rement \u00e0 nos services:<\/p>\n<ul>\n<li>Ontario au travail (OT)<\/li>\n<li>Programme ontarien de soutien aux personnes handicap\u00e9es (POSPH)<\/li>\n<li>Pension de la s\u00e9curit\u00e9 de la vieillesse avec suppl\u00e9ment de revenu garanti<\/li>\n<li>Allocation aux anciens combattants<\/li>\n<li>R\u00e9gime de pensions du Canada (si une demande au RPC o\u00f9 le RPC est la principale source de revenu familial)<\/li>\n<li>Commission de la s\u00e9curit\u00e9 professionnelle et de l&rsquo;assurance contre les accidents du travail (CSPAAT) qui sont temporaires ou menac\u00e9es<\/li>\n<\/ul>\n<h2>Renseignements g\u00e9n\u00e9raux:<\/h2>\n<p>L&rsquo;admissibilit\u00e9 financi\u00e8re sera \u00e9valu\u00e9e en fonction de la taille de la famille, du revenu familial ainsi que d&rsquo;autres facteurs. Vous \u00eates autoris\u00e9 \u00e0 poss\u00e9der une maison et \u00e0 b\u00e9n\u00e9ficier de nos services et votre maison ne fera pas l&rsquo;objet d&rsquo;un privil\u00e8ge.<\/p>\n<p>Il existe \u00e9galement des facteurs discr\u00e9tionnaires qui sont pris en consid\u00e9ration par le personnel et le conseil d&rsquo;administration de la clinique juridique du comt\u00e9 de Renfrew. Veuillez appeler la clinique pour plus d&rsquo;informations.<\/p>\n","protected":false},"excerpt":{"rendered":"<p>Qui est admissible?<\/p>\n<p>\u00a0Les personnes dont les probl\u00e8mes rel\u00e8vent des domaines du droit pratiqu\u00e9s par la Clinique.<br \/>\nLes personnes dont le revenu et les actifs sont conformes aux lignes directrices \u00e9tablies par Aide juridique Ontario pour la repr\u00e9sentation.<\/p>\n<p>* L&rsquo;admissibilit\u00e9 financi\u00e8re n&rsquo;est pas prise en compte lorsque le personnel ne fournit que des conseils sommaires.<\/p>\n","protected":false},"author":2,"featured_media":0,"parent":1527,"menu_order":0,"comment_status":"closed","ping_status":"closed","template":"","meta":{"_bbp_topic_count":0,"_bbp_reply_count":0,"_bbp_total_topic_count":0,"_bbp_total_reply_count":0,"_bbp_voice_count":0,"_bbp_anonymous_reply_count":0,"_bbp_topic_count_hidden":0,"_bbp_reply_count_hidden":0,"_bbp_forum_subforum_count":0,"footnotes":""},"class_list":["post-1533","page","type-page","status-publish","hentry"],"yoast_head":"<!-- This site is optimized with the Yoast SEO plugin v27.0 - https:\/\/yoast.com\/product\/yoast-seo-wordpress\/ -->\n<title>Admissibilit\u00e9 financi\u00e8re - Renfrew County Legal Clinic<\/title>\n<meta name=\"robots\" content=\"index, follow, max-snippet:-1, max-image-preview:large, max-video-preview:-1\" \/>\n<link rel=\"canonical\" href=\"https:\/\/www.renfrewlegalclinic.org\/fr\/nos-services\/admissibilite-financiere\/\" \/>\n<meta property=\"og:locale\" content=\"fr_FR\" \/>\n<meta property=\"og:type\" content=\"article\" \/>\n<meta property=\"og:title\" content=\"Admissibilit\u00e9 financi\u00e8re - Renfrew County Legal Clinic\" \/>\n<meta property=\"og:description\" content=\"Qui est admissible? \u00a0Les personnes dont les probl\u00e8mes rel\u00e8vent des domaines du droit pratiqu\u00e9s par la Clinique. Les personnes dont le revenu et les actifs sont conformes aux lignes directrices \u00e9tablies par Aide juridique Ontario pour la repr\u00e9sentation. * L&rsquo;admissibilit\u00e9 financi\u00e8re n&rsquo;est pas prise en compte lorsque le personnel ne fournit que des conseils sommaires.\" \/>\n<meta property=\"og:url\" content=\"https:\/\/www.renfrewlegalclinic.org\/fr\/nos-services\/admissibilite-financiere\/\" \/>\n<meta property=\"og:site_name\" content=\"Renfrew County Legal Clinic\" \/>\n<meta property=\"article:modified_time\" content=\"2021-06-16T12:22:21+00:00\" \/>\n<meta name=\"twitter:card\" content=\"summary_large_image\" \/>\n<meta name=\"twitter:label1\" content=\"Dur\u00e9e de lecture estim\u00e9e\" \/>\n\t<meta name=\"twitter:data1\" content=\"1 minute\" \/>\n<script type=\"application\/ld+json\" class=\"yoast-schema-graph\">{\"@context\":\"https:\/\/schema.org\",\"@graph\":[{\"@type\":\"WebPage\",\"@id\":\"https:\/\/www.renfrewlegalclinic.org\/fr\/nos-services\/admissibilite-financiere\/\",\"url\":\"https:\/\/www.renfrewlegalclinic.org\/fr\/nos-services\/admissibilite-financiere\/\",\"name\":\"Admissibilit\u00e9 financi\u00e8re - Renfrew County Legal Clinic\",\"isPartOf\":{\"@id\":\"https:\/\/www.renfrewlegalclinic.org\/#website\"},\"datePublished\":\"2021-06-16T12:22:19+00:00\",\"dateModified\":\"2021-06-16T12:22:21+00:00\",\"breadcrumb\":{\"@id\":\"https:\/\/www.renfrewlegalclinic.org\/fr\/nos-services\/admissibilite-financiere\/#breadcrumb\"},\"inLanguage\":\"fr-FR\",\"potentialAction\":[{\"@type\":\"ReadAction\",\"target\":[\"https:\/\/www.renfrewlegalclinic.org\/fr\/nos-services\/admissibilite-financiere\/\"]}]},{\"@type\":\"BreadcrumbList\",\"@id\":\"https:\/\/www.renfrewlegalclinic.org\/fr\/nos-services\/admissibilite-financiere\/#breadcrumb\",\"itemListElement\":[{\"@type\":\"ListItem\",\"position\":1,\"name\":\"Home\",\"item\":\"https:\/\/www.renfrewlegalclinic.org\/fr\/\"},{\"@type\":\"ListItem\",\"position\":2,\"name\":\"Nos services\",\"item\":\"https:\/\/www.renfrewlegalclinic.org\/fr\/nos-services\/\"},{\"@type\":\"ListItem\",\"position\":3,\"name\":\"Admissibilit\u00e9 financi\u00e8re\"}]},{\"@type\":\"WebSite\",\"@id\":\"https:\/\/www.renfrewlegalclinic.org\/#website\",\"url\":\"https:\/\/www.renfrewlegalclinic.org\/\",\"name\":\"Renfrew County Legal Clinic\",\"description\":\"\",\"potentialAction\":[{\"@type\":\"SearchAction\",\"target\":{\"@type\":\"EntryPoint\",\"urlTemplate\":\"https:\/\/www.renfrewlegalclinic.org\/?s={search_term_string}\"},\"query-input\":{\"@type\":\"PropertyValueSpecification\",\"valueRequired\":true,\"valueName\":\"search_term_string\"}}],\"inLanguage\":\"fr-FR\"}]}<\/script>\n<!-- \/ Yoast SEO plugin. -->","yoast_head_json":{"title":"Admissibilit\u00e9 financi\u00e8re - Renfrew County Legal Clinic","robots":{"index":"index","follow":"follow","max-snippet":"max-snippet:-1","max-image-preview":"max-image-preview:large","max-video-preview":"max-video-preview:-1"},"canonical":"https:\/\/www.renfrewlegalclinic.org\/fr\/nos-services\/admissibilite-financiere\/","og_locale":"fr_FR","og_type":"article","og_title":"Admissibilit\u00e9 financi\u00e8re - Renfrew County Legal Clinic","og_description":"Qui est admissible? \u00a0Les personnes dont les probl\u00e8mes rel\u00e8vent des domaines du droit pratiqu\u00e9s par la Clinique. Les personnes dont le revenu et les actifs sont conformes aux lignes directrices \u00e9tablies par Aide juridique Ontario pour la repr\u00e9sentation. * L&rsquo;admissibilit\u00e9 financi\u00e8re n&rsquo;est pas prise en compte lorsque le personnel ne fournit que des conseils sommaires.","og_url":"https:\/\/www.renfrewlegalclinic.org\/fr\/nos-services\/admissibilite-financiere\/","og_site_name":"Renfrew County Legal Clinic","article_modified_time":"2021-06-16T12:22:21+00:00","twitter_card":"summary_large_image","twitter_misc":{"Dur\u00e9e de lecture estim\u00e9e":"1 minute"},"schema":{"@context":"https:\/\/schema.org","@graph":[{"@type":"WebPage","@id":"https:\/\/www.renfrewlegalclinic.org\/fr\/nos-services\/admissibilite-financiere\/","url":"https:\/\/www.renfrewlegalclinic.org\/fr\/nos-services\/admissibilite-financiere\/","name":"Admissibilit\u00e9 financi\u00e8re - Renfrew County Legal Clinic","isPartOf":{"@id":"https:\/\/www.renfrewlegalclinic.org\/#website"},"datePublished":"2021-06-16T12:22:19+00:00","dateModified":"2021-06-16T12:22:21+00:00","breadcrumb":{"@id":"https:\/\/www.renfrewlegalclinic.org\/fr\/nos-services\/admissibilite-financiere\/#breadcrumb"},"inLanguage":"fr-FR","potentialAction":[{"@type":"ReadAction","target":["https:\/\/www.renfrewlegalclinic.org\/fr\/nos-services\/admissibilite-financiere\/"]}]},{"@type":"BreadcrumbList","@id":"https:\/\/www.renfrewlegalclinic.org\/fr\/nos-services\/admissibilite-financiere\/#breadcrumb","itemListElement":[{"@type":"ListItem","position":1,"name":"Home","item":"https:\/\/www.renfrewlegalclinic.org\/fr\/"},{"@type":"ListItem","position":2,"name":"Nos services","item":"https:\/\/www.renfrewlegalclinic.org\/fr\/nos-services\/"},{"@type":"ListItem","position":3,"name":"Admissibilit\u00e9 financi\u00e8re"}]},{"@type":"WebSite","@id":"https:\/\/www.renfrewlegalclinic.org\/#website","url":"https:\/\/www.renfrewlegalclinic.org\/","name":"Renfrew County Legal Clinic","description":"","potentialAction":[{"@type":"SearchAction","target":{"@type":"EntryPoint","urlTemplate":"https:\/\/www.renfrewlegalclinic.org\/?s={search_term_string}"},"query-input":{"@type":"PropertyValueSpecification","valueRequired":true,"valueName":"search_term_string"}}],"inLanguage":"fr-FR"}]}},"_links":{"self":[{"href":"https:\/\/www.renfrewlegalclinic.org\/fr\/wp-json\/wp\/v2\/pages\/1533","targetHints":{"allow":["GET"]}}],"collection":[{"href":"https:\/\/www.renfrewlegalclinic.org\/fr\/wp-json\/wp\/v2\/pages"}],"about":[{"href":"https:\/\/www.renfrewlegalclinic.org\/fr\/wp-json\/wp\/v2\/types\/page"}],"author":[{"embeddable":true,"href":"https:\/\/www.renfrewlegalclinic.org\/fr\/wp-json\/wp\/v2\/users\/2"}],"replies":[{"embeddable":true,"href":"https:\/\/www.renfrewlegalclinic.org\/fr\/wp-json\/wp\/v2\/comments?post=1533"}],"version-history":[{"count":1,"href":"https:\/\/www.renfrewlegalclinic.org\/fr\/wp-json\/wp\/v2\/pages\/1533\/revisions"}],"predecessor-version":[{"id":1534,"href":"https:\/\/www.renfrewlegalclinic.org\/fr\/wp-json\/wp\/v2\/pages\/1533\/revisions\/1534"}],"up":[{"embeddable":true,"href":"https:\/\/www.renfrewlegalclinic.org\/fr\/wp-json\/wp\/v2\/pages\/1527"}],"wp:attachment":[{"href":"https:\/\/www.renfrewlegalclinic.org\/fr\/wp-json\/wp\/v2\/media?parent=1533"}],"curies":[{"name":"wp","href":"https:\/\/api.w.org\/{rel}","templated":true}]}}