{"id":1554,"date":"2021-06-17T04:25:57","date_gmt":"2021-06-17T08:25:57","guid":{"rendered":"https:\/\/renfrew.turnbull.co\/?page_id=1554"},"modified":"2021-06-17T09:24:30","modified_gmt":"2021-06-17T13:24:30","slug":"contactez-nous","status":"publish","type":"page","link":"https:\/\/www.renfrewlegalclinic.org\/fr\/contactez-nous\/","title":{"rendered":"Contactez-nous"},"content":{"rendered":"\n<div class=\"wp-block-columns is-layout-flex wp-container-core-columns-is-layout-9d6595d7 wp-block-columns-is-layout-flex\">\n<div class=\"wp-block-column is-layout-flow wp-block-column-is-layout-flow\">\n<p><strong>Aucun avis juridique ne sera fourni par courriel. Appelez-nous si vous avez besoin d&rsquo;aide pour votre probl\u00e8me juridique.<\/strong><\/p>\n<h2>Clinique juridique du comt\u00e9 de Renfrew<\/h2>\n<p>236, rue Stewart, bureau 101<br \/>Renfrew, ON K7V 1X7<\/p>\n<p>T\u00e9l\u00e9phone: <strong>613-432-8146<\/strong><br \/>Num\u00e9ro sans frais:\u00a0<strong>1-800-267-5871<\/strong><\/p>\n<p>Ouvert du lundi au vendredi de 8h45 \u00e0 16h45, ferm\u00e9 de 12h \u00e0 13h tous les jours et le mercredi apr\u00e8s-midi.<\/p>\n<p><strong>Remarque: <\/strong>notre bureau est temporairement ferm\u00e9 au public en raison de la COVID-19. Veuillez nous contacter par t\u00e9l\u00e9phone pour obtenir de l&rsquo;aide.<\/p>\n<\/div>\n\n\n\n<div class=\"wp-block-column is-layout-flow wp-block-column-is-layout-flow\">\n<div class=\"map-responsive\"><iframe src=\"https:\/\/www.google.com\/maps\/embed?pb=!1m18!1m12!1m3!1d2797.6573290209835!2d-76.69698348447909!3d45.47670637910115!2m3!1f0!2f0!3f0!3m2!1i1024!2i768!4f13.1!3m3!1m2!1s0x4cd17efb60a14a95%3A0x6966b2f50d7896f0!2sRenfrew%20County%20Legal%20Clinic!5e0!3m2!1sen!2sba!4v1623935081087!5m2!1sen!2sba\" style=\"border:0;\" allowfullscreen=\"\" loading=\"lazy\" width=\"600\" height=\"450\"><\/iframe><\/div>\n<\/div>\n<\/div>\n\n\n\n<div style=\"height:50px\" aria-hidden=\"true\" class=\"wp-block-spacer\"><\/div>\n\n\n\n<div class=\"wp-block-columns is-layout-flex wp-container-core-columns-is-layout-9d6595d7 wp-block-columns-is-layout-flex\">\n<div class=\"wp-block-column is-layout-flow wp-block-column-is-layout-flow\">\n<p><strong>Justice Net<\/strong>&nbsp;<a href=\"https:\/\/www.justicenet.ca\/\" target=\"_blank\" rel=\"noopener\">https:\/\/www.justicenet.ca\/<\/a><\/p>\n<p>Num\u00e9ro sans frais: 1-866-919-3219<\/p>\n<ul>\n<li>Un service sans but lucratif pour les personnes dont le revenu est trop \u00e9lev\u00e9 pour \u00eatre admissible \u00e0 l&rsquo;aide juridique, mais trop bas pour payer les frais juridiques standard.<\/li>\n<\/ul>\n<p><strong>Pro Bono Ontario<\/strong> <a href=\"https:\/\/www.probonoontario.org\/\" target=\"_blank\" rel=\"noopener\">https:\/\/www.probonoontario.org\/<\/a><\/p>\n<p>Num\u00e9ro sans frais: 1-855-255-7256<\/p>\n<ul>\n<li>Conseils et assistance gratuits pour les causes juridiques.<\/li>\n<\/ul>\n<p><strong>Service de r\u00e9f\u00e9rence du Barreau<\/strong>&nbsp;<a href=\"http:\/\/www.findlegalhelp.ca\/\" target=\"_blank\" rel=\"noopener\">www.findlegalhelp.ca<\/a><\/p>\n<ul>\n<li>Lorsque vous demandez une recommandation d&rsquo;un avocat ou d&rsquo;un parajuriste en ligne, le LSRS fournira le nom d&rsquo;un avocat ou d&rsquo;un parajuriste agr\u00e9\u00e9 qui vous fournira une consultation gratuite de 30 minutes maximum pour vous aider \u00e0 d\u00e9terminer vos droits et options<\/li>\n<\/ul>\n<\/div>\n\n\n\n<div class=\"wp-block-column is-layout-flow wp-block-column-is-layout-flow\">\n<p><strong>Nous rencontrons \u00e9galement les clients sur rendez-vous aux endroits suivants:<\/strong><\/p>\n<ul>\n<li><strong>Pembroke<\/strong><br>454, rue Miller (mardi matin et jeudi matin)<\/li>\n<\/ul>\n<ul>\n<li><strong>Barry\u2019s Bay<\/strong><strong><br><\/strong>19536 Opeongo Line (4e lundi du mois)<\/li>\n<li><strong>Arnprior &amp; Deep River<\/strong><strong><br><\/strong>(appeler pour rendez-vous)<\/li>\n<li><strong>Pikwakanagan<\/strong><strong><br><\/strong>Clinique sans rendez-vous d&rsquo;information juridique (appelez-nous pour les dates \u00e0 venir)<\/li>\n<\/ul>\n<\/div>\n<\/div>\n","protected":false},"excerpt":{"rendered":"<p>Aucun avis juridique ne sera fourni par courriel. Appelez-nous si vous avez besoin d&rsquo;aide pour votre probl\u00e8me juridique.<br \/>\nClinique juridique du comt\u00e9 de Renfrew<br \/>\n236, rue Stewart, bureau 101<br \/>Renfrew, ON K7V 1X7<br \/>\nT\u00e9l\u00e9phone: 613-432-8146<br \/>Num\u00e9ro sans frais:\u00a01-800-267-5871<br \/>\nOuvert du lundi au vendredi de 8h45 \u00e0 16h45, ferm\u00e9 de 12h \u00e0 13h tous les jours et le mercredi apr\u00e8s-midi.<\/p>\n","protected":false},"author":2,"featured_media":0,"parent":0,"menu_order":-5,"comment_status":"closed","ping_status":"closed","template":"","meta":{"_bbp_topic_count":0,"_bbp_reply_count":0,"_bbp_total_topic_count":0,"_bbp_total_reply_count":0,"_bbp_voice_count":0,"_bbp_anonymous_reply_count":0,"_bbp_topic_count_hidden":0,"_bbp_reply_count_hidden":0,"_bbp_forum_subforum_count":0,"footnotes":""},"class_list":["post-1554","page","type-page","status-publish","hentry"],"yoast_head":"<!-- This site is optimized with the Yoast SEO plugin v27.0 - https:\/\/yoast.com\/product\/yoast-seo-wordpress\/ -->\n<title>Contactez-nous - Renfrew County Legal Clinic<\/title>\n<meta name=\"robots\" content=\"index, follow, max-snippet:-1, max-image-preview:large, max-video-preview:-1\" \/>\n<link rel=\"canonical\" href=\"https:\/\/www.renfrewlegalclinic.org\/fr\/contactez-nous\/\" \/>\n<meta property=\"og:locale\" content=\"fr_FR\" \/>\n<meta property=\"og:type\" content=\"article\" \/>\n<meta property=\"og:title\" content=\"Contactez-nous - Renfrew County Legal Clinic\" \/>\n<meta property=\"og:description\" content=\"Aucun avis juridique ne sera fourni par courriel. Appelez-nous si vous avez besoin d&rsquo;aide pour votre probl\u00e8me juridique. Clinique juridique du comt\u00e9 de Renfrew 236, rue Stewart, bureau 101Renfrew, ON K7V 1X7 T\u00e9l\u00e9phone: 613-432-8146Num\u00e9ro sans frais:\u00a01-800-267-5871 Ouvert du lundi au vendredi de 8h45 \u00e0 16h45, ferm\u00e9 de 12h \u00e0 13h tous les jours et le mercredi apr\u00e8s-midi.\" \/>\n<meta property=\"og:url\" content=\"https:\/\/www.renfrewlegalclinic.org\/fr\/contactez-nous\/\" \/>\n<meta property=\"og:site_name\" content=\"Renfrew County Legal Clinic\" \/>\n<meta property=\"article:modified_time\" content=\"2021-06-17T13:24:30+00:00\" \/>\n<meta name=\"twitter:card\" content=\"summary_large_image\" \/>\n<meta name=\"twitter:label1\" content=\"Dur\u00e9e de lecture estim\u00e9e\" \/>\n\t<meta name=\"twitter:data1\" content=\"2 minutes\" \/>\n<script type=\"application\/ld+json\" class=\"yoast-schema-graph\">{\"@context\":\"https:\/\/schema.org\",\"@graph\":[{\"@type\":\"WebPage\",\"@id\":\"https:\/\/www.renfrewlegalclinic.org\/fr\/contactez-nous\/\",\"url\":\"https:\/\/www.renfrewlegalclinic.org\/fr\/contactez-nous\/\",\"name\":\"Contactez-nous - Renfrew County Legal Clinic\",\"isPartOf\":{\"@id\":\"https:\/\/www.renfrewlegalclinic.org\/#website\"},\"datePublished\":\"2021-06-17T08:25:57+00:00\",\"dateModified\":\"2021-06-17T13:24:30+00:00\",\"breadcrumb\":{\"@id\":\"https:\/\/www.renfrewlegalclinic.org\/fr\/contactez-nous\/#breadcrumb\"},\"inLanguage\":\"fr-FR\",\"potentialAction\":[{\"@type\":\"ReadAction\",\"target\":[\"https:\/\/www.renfrewlegalclinic.org\/fr\/contactez-nous\/\"]}]},{\"@type\":\"BreadcrumbList\",\"@id\":\"https:\/\/www.renfrewlegalclinic.org\/fr\/contactez-nous\/#breadcrumb\",\"itemListElement\":[{\"@type\":\"ListItem\",\"position\":1,\"name\":\"Home\",\"item\":\"https:\/\/www.renfrewlegalclinic.org\/fr\/\"},{\"@type\":\"ListItem\",\"position\":2,\"name\":\"Contactez-nous\"}]},{\"@type\":\"WebSite\",\"@id\":\"https:\/\/www.renfrewlegalclinic.org\/#website\",\"url\":\"https:\/\/www.renfrewlegalclinic.org\/\",\"name\":\"Renfrew County Legal Clinic\",\"description\":\"\",\"potentialAction\":[{\"@type\":\"SearchAction\",\"target\":{\"@type\":\"EntryPoint\",\"urlTemplate\":\"https:\/\/www.renfrewlegalclinic.org\/?s={search_term_string}\"},\"query-input\":{\"@type\":\"PropertyValueSpecification\",\"valueRequired\":true,\"valueName\":\"search_term_string\"}}],\"inLanguage\":\"fr-FR\"}]}<\/script>\n<!-- \/ Yoast SEO plugin. -->","yoast_head_json":{"title":"Contactez-nous - Renfrew County Legal Clinic","robots":{"index":"index","follow":"follow","max-snippet":"max-snippet:-1","max-image-preview":"max-image-preview:large","max-video-preview":"max-video-preview:-1"},"canonical":"https:\/\/www.renfrewlegalclinic.org\/fr\/contactez-nous\/","og_locale":"fr_FR","og_type":"article","og_title":"Contactez-nous - Renfrew County Legal Clinic","og_description":"Aucun avis juridique ne sera fourni par courriel. Appelez-nous si vous avez besoin d&rsquo;aide pour votre probl\u00e8me juridique. Clinique juridique du comt\u00e9 de Renfrew 236, rue Stewart, bureau 101Renfrew, ON K7V 1X7 T\u00e9l\u00e9phone: 613-432-8146Num\u00e9ro sans frais:\u00a01-800-267-5871 Ouvert du lundi au vendredi de 8h45 \u00e0 16h45, ferm\u00e9 de 12h \u00e0 13h tous les jours et le mercredi apr\u00e8s-midi.","og_url":"https:\/\/www.renfrewlegalclinic.org\/fr\/contactez-nous\/","og_site_name":"Renfrew County Legal Clinic","article_modified_time":"2021-06-17T13:24:30+00:00","twitter_card":"summary_large_image","twitter_misc":{"Dur\u00e9e de lecture estim\u00e9e":"2 minutes"},"schema":{"@context":"https:\/\/schema.org","@graph":[{"@type":"WebPage","@id":"https:\/\/www.renfrewlegalclinic.org\/fr\/contactez-nous\/","url":"https:\/\/www.renfrewlegalclinic.org\/fr\/contactez-nous\/","name":"Contactez-nous - Renfrew County Legal Clinic","isPartOf":{"@id":"https:\/\/www.renfrewlegalclinic.org\/#website"},"datePublished":"2021-06-17T08:25:57+00:00","dateModified":"2021-06-17T13:24:30+00:00","breadcrumb":{"@id":"https:\/\/www.renfrewlegalclinic.org\/fr\/contactez-nous\/#breadcrumb"},"inLanguage":"fr-FR","potentialAction":[{"@type":"ReadAction","target":["https:\/\/www.renfrewlegalclinic.org\/fr\/contactez-nous\/"]}]},{"@type":"BreadcrumbList","@id":"https:\/\/www.renfrewlegalclinic.org\/fr\/contactez-nous\/#breadcrumb","itemListElement":[{"@type":"ListItem","position":1,"name":"Home","item":"https:\/\/www.renfrewlegalclinic.org\/fr\/"},{"@type":"ListItem","position":2,"name":"Contactez-nous"}]},{"@type":"WebSite","@id":"https:\/\/www.renfrewlegalclinic.org\/#website","url":"https:\/\/www.renfrewlegalclinic.org\/","name":"Renfrew County Legal Clinic","description":"","potentialAction":[{"@type":"SearchAction","target":{"@type":"EntryPoint","urlTemplate":"https:\/\/www.renfrewlegalclinic.org\/?s={search_term_string}"},"query-input":{"@type":"PropertyValueSpecification","valueRequired":true,"valueName":"search_term_string"}}],"inLanguage":"fr-FR"}]}},"_links":{"self":[{"href":"https:\/\/www.renfrewlegalclinic.org\/fr\/wp-json\/wp\/v2\/pages\/1554","targetHints":{"allow":["GET"]}}],"collection":[{"href":"https:\/\/www.renfrewlegalclinic.org\/fr\/wp-json\/wp\/v2\/pages"}],"about":[{"href":"https:\/\/www.renfrewlegalclinic.org\/fr\/wp-json\/wp\/v2\/types\/page"}],"author":[{"embeddable":true,"href":"https:\/\/www.renfrewlegalclinic.org\/fr\/wp-json\/wp\/v2\/users\/2"}],"replies":[{"embeddable":true,"href":"https:\/\/www.renfrewlegalclinic.org\/fr\/wp-json\/wp\/v2\/comments?post=1554"}],"version-history":[{"count":4,"href":"https:\/\/www.renfrewlegalclinic.org\/fr\/wp-json\/wp\/v2\/pages\/1554\/revisions"}],"predecessor-version":[{"id":1672,"href":"https:\/\/www.renfrewlegalclinic.org\/fr\/wp-json\/wp\/v2\/pages\/1554\/revisions\/1672"}],"wp:attachment":[{"href":"https:\/\/www.renfrewlegalclinic.org\/fr\/wp-json\/wp\/v2\/media?parent=1554"}],"curies":[{"name":"wp","href":"https:\/\/api.w.org\/{rel}","templated":true}]}}