{"id":1559,"date":"2021-06-17T04:42:20","date_gmt":"2021-06-17T08:42:20","guid":{"rendered":"https:\/\/renfrew.turnbull.co\/?page_id=1559"},"modified":"2021-08-06T16:07:47","modified_gmt":"2021-08-06T20:07:47","slug":"termes-et-conditions","status":"publish","type":"page","link":"https:\/\/www.renfrewlegalclinic.org\/fr\/termes-et-conditions\/","title":{"rendered":"Termes et conditions"},"content":{"rendered":"\n<p>En utilisant le site Web de la Renfrew County Legal Clinic, vous acceptez d&rsquo;\u00eatre li\u00e9 par ces conditions d&rsquo;utilisation et par toute modification qui y est apport\u00e9e de temps \u00e0 autre. Le site Web de la clinique juridique du comt\u00e9 de Renfrew a int\u00e9gr\u00e9 les informations juridiques Justice pas-\u00e0-pas de CLEO. Pour plus d&rsquo;informations sur Justice pas-\u00e0-pas, veuillez consulter les Conditions g\u00e9n\u00e9rales Justice pas-\u00e0-pas.<\/p>\n<h2>Droits d\u2019auteur et utilisation du materiel<\/h2>\n<p>Tout le contenu du site Web de la Renfrew County Legal Clinic est prot\u00e9g\u00e9 par les lois sur les droits d&rsquo;auteur, les marques de commerce et autres, et est la propri\u00e9t\u00e9 de la Renfrew County Legal Clinic, sauf indication contraire.<\/p>\n<p>Tout mat\u00e9riel prot\u00e9g\u00e9 par les droits d&rsquo;auteur de peut \u00eatre t\u00e9l\u00e9charg\u00e9 et imprim\u00e9 dans son int\u00e9gralit\u00e9 \u00e0 des fins non commerciales ou \u00e9ducatives, avec cr\u00e9dit \u00e0 Renfrew County Legal Clinic. Rien sur ce site Web ne peut \u00eatre, en tout ou en partie, vendu ou autrement transmis sous quelque forme ou par quelque moyen que ce soit \u00e0 des fins commerciales, sauf avec l&rsquo;autorisation \u00e9crite pr\u00e9alable de la Renfrew County Legal Clinic.<\/p>\n<p>Tout mat\u00e9riel prot\u00e9g\u00e9 par les droits d\u2019auteur de CLEO (qui comprend le contenu Justice pas-\u00e0-pas) peut \u00eatre t\u00e9l\u00e9charg\u00e9 et imprim\u00e9 dans son int\u00e9gralit\u00e9 \u00e0 des fins non commerciales ou \u00e9ducatives, avec cr\u00e9dit \u00e0 CLEO. Aucun contenu de Justice pas-\u00e0-pas ne peut \u00eatre, en tout ou en partie, vendu ou autrement transmis sous quelque forme ou par quelque moyen que ce soit \u00e0 des fins commerciales, sauf avec l&rsquo;autorisation \u00e9crite pr\u00e9alable de CLEO.<\/p>\n<p>Le contenu de la Renfrew County Legal Clinic et de Justice pas-\u00e0-pas renvoie \u00e0 des ressources soumises \u00e0 la protection des droits d&rsquo;auteur d&rsquo;autres organisations. Veuillez lire les termes et conditions sur les sites Web concern\u00e9s.<\/p>\n<h2>Avis de non-responsabilit\u00e9<\/h2>\n<p>Le contenu des Sites web de la Renfrew County\u00a0Legal Clinic et de Justice pas-\u00e0-pas est fourni \u00e0 titre d&rsquo;information g\u00e9n\u00e9rale et ne constitue pas des conseils juridiques. La clinique juridique du comt\u00e9 de Renfrew ne fournit aucun conseil juridique individuel dans aucune de ses publications, uniquement des informations juridiques g\u00e9n\u00e9rales. Si vous avez besoin de conseils sur un probl\u00e8me juridique particulier, contactez un avocat ou la Renfrew County Legal Clinic ou une autre clinique juridique communautaire.<\/p>\n<p>Les informations sur ce site Web sont fournies \u00abtelles quelles\u00bb sans garantie d&rsquo;aucune sorte, expresse ou implicite, y compris, mais sans s&rsquo;y limiter, les garanties implicites de qualit\u00e9 marchande, d&rsquo;ad\u00e9quation \u00e0 un usage particulier, de non-contrefa\u00e7on ou de titre.<\/p>\n<p>La Renfrew County Legal Clinic et ses partenaires de collaboration n&rsquo;assument aucune responsabilit\u00e9 pour tout dommage quel qu&rsquo;il soit, y compris, sans limitation, les dommages indirects, sp\u00e9ciaux, cons\u00e9cutifs, punitifs ou accessoires de toute nature, qu&rsquo;ils soient contractuels ou d\u00e9lictueux, d\u00e9coulant de ou en relation avec ce site Web, l&rsquo;incapacit\u00e9 d&rsquo;utiliser ce site Web ou l&rsquo;utilisation, la confiance ou la performance de tout mat\u00e9riel contenu dans ou accessible \u00e0 partir de ce site Web, ou de tout site Web li\u00e9, m\u00eame si nous sommes express\u00e9ment inform\u00e9s de la possibilit\u00e9 de tels dommages.<\/p>\n<p>L&rsquo;acc\u00e8s \u00e0 un site Web tiers \u00e0 partir du site Web de la Renfrew County Legal Clinic ne constitue pas une affiliation avec la Renfrew County Legal Clinic ou l&rsquo;approbation par la Renfrew County Legal Clinic de ces sites ou de leurs op\u00e9rateurs.<\/p>\n<p>La Clinique juridique du comt\u00e9 de Renfrew reconna\u00eet le soutien d&rsquo;Aide juridique Ontario \u00e0 ses services, mais les opinions exprim\u00e9es dans la publication (\u00e9crite, orale ou visuelle) ne refl\u00e8tent pas n\u00e9cessairement celles d&rsquo;Aide juridique Ontario.<\/p>\n<h2>Confidentialit\u00e9<\/h2>\n<p>Veuillez consulter notre D\u00e9claration de confidentialit\u00e9.<\/p>\n<h2>M\u00e9dias sociaux<\/h2>\n<p>Nous pouvons utiliser des m\u00e9dias sociaux, tels que Twitter et Facebook, pour promouvoir le contenu sur le site Web de la Renfrew County Legal Clinic. Nous surveillerons les commentaires et les publications pendant les heures normales de bureau et nous nous r\u00e9servons le droit de supprimer tout ce que nous jugeons offensant de quelque mani\u00e8re que ce soit ou de promouvoir d&rsquo;autres services. S&rsquo;il y a des violations, nous nous r\u00e9servons le droit de bloquer ou d&rsquo;interdire les utilisateurs. Les commentaires publi\u00e9s sur nos canaux de m\u00e9dias sociaux ne refl\u00e8tent pas les opinions de la Renfrew County Legal Clinic, de nos bailleurs de fonds ou de nos partenaires.<\/p>\n<h2>Loi applicable<\/h2>\n<p>Cet accord entre vous, l&rsquo;utilisateur et la Renfrew County Legal Clinic, sera r\u00e9gi et interpr\u00e9t\u00e9 conform\u00e9ment aux lois de la province de l&rsquo;Ontario et aux lois du Canada qui y sont applicables. Vous consentez par la pr\u00e9sente et vous vous soumettez \u00e0 la comp\u00e9tence exclusive des tribunaux de la province de l&rsquo;Ontario dans toute proc\u00e9dure li\u00e9e \u00e0 cet accord<\/p>\n<h2>Accord int\u00e9gral<\/h2>\n<p>Cet accord constitue l&rsquo;int\u00e9gralit\u00e9 de l&rsquo;accord entre vous et la Renfrew County Legal Clinic concernant l&rsquo;utilisation du site Web de la Renfrew County Legal Clinic.<\/p>\n","protected":false},"excerpt":{"rendered":"<p>En utilisant le site Web de la Renfrew County Legal Clinic, vous acceptez d&rsquo;\u00eatre li\u00e9 par ces conditions d&rsquo;utilisation et par toute modification qui y est apport\u00e9e de temps \u00e0 autre. Le site Web de la clinique juridique du comt\u00e9 de Renfrew a int\u00e9gr\u00e9 les informations juridiques Justice pas-\u00e0-pas de CLEO.<\/p>\n","protected":false},"author":2,"featured_media":0,"parent":0,"menu_order":101,"comment_status":"closed","ping_status":"closed","template":"","meta":{"_bbp_topic_count":0,"_bbp_reply_count":0,"_bbp_total_topic_count":0,"_bbp_total_reply_count":0,"_bbp_voice_count":0,"_bbp_anonymous_reply_count":0,"_bbp_topic_count_hidden":0,"_bbp_reply_count_hidden":0,"_bbp_forum_subforum_count":0,"footnotes":""},"class_list":["post-1559","page","type-page","status-publish","hentry"],"yoast_head":"<!-- This site is optimized with the Yoast SEO plugin v27.0 - https:\/\/yoast.com\/product\/yoast-seo-wordpress\/ -->\n<title>Termes et conditions - Renfrew County Legal Clinic<\/title>\n<meta name=\"robots\" content=\"index, follow, max-snippet:-1, max-image-preview:large, max-video-preview:-1\" \/>\n<link rel=\"canonical\" href=\"https:\/\/www.renfrewlegalclinic.org\/fr\/termes-et-conditions\/\" \/>\n<meta property=\"og:locale\" content=\"fr_FR\" \/>\n<meta property=\"og:type\" content=\"article\" \/>\n<meta property=\"og:title\" content=\"Termes et conditions - Renfrew County Legal Clinic\" \/>\n<meta property=\"og:description\" content=\"En utilisant le site Web de la Renfrew County Legal Clinic, vous acceptez d&rsquo;\u00eatre li\u00e9 par ces conditions d&rsquo;utilisation et par toute modification qui y est apport\u00e9e de temps \u00e0 autre. Le site Web de la clinique juridique du comt\u00e9 de Renfrew a int\u00e9gr\u00e9 les informations juridiques Justice pas-\u00e0-pas de CLEO.\" \/>\n<meta property=\"og:url\" content=\"https:\/\/www.renfrewlegalclinic.org\/fr\/termes-et-conditions\/\" \/>\n<meta property=\"og:site_name\" content=\"Renfrew County Legal Clinic\" \/>\n<meta property=\"article:modified_time\" content=\"2021-08-06T20:07:47+00:00\" \/>\n<meta name=\"twitter:card\" content=\"summary_large_image\" \/>\n<meta name=\"twitter:label1\" content=\"Dur\u00e9e de lecture estim\u00e9e\" \/>\n\t<meta name=\"twitter:data1\" content=\"4 minutes\" \/>\n<script type=\"application\/ld+json\" class=\"yoast-schema-graph\">{\"@context\":\"https:\/\/schema.org\",\"@graph\":[{\"@type\":\"WebPage\",\"@id\":\"https:\/\/www.renfrewlegalclinic.org\/fr\/termes-et-conditions\/\",\"url\":\"https:\/\/www.renfrewlegalclinic.org\/fr\/termes-et-conditions\/\",\"name\":\"Termes et conditions - Renfrew County Legal Clinic\",\"isPartOf\":{\"@id\":\"https:\/\/www.renfrewlegalclinic.org\/#website\"},\"datePublished\":\"2021-06-17T08:42:20+00:00\",\"dateModified\":\"2021-08-06T20:07:47+00:00\",\"breadcrumb\":{\"@id\":\"https:\/\/www.renfrewlegalclinic.org\/fr\/termes-et-conditions\/#breadcrumb\"},\"inLanguage\":\"fr-FR\",\"potentialAction\":[{\"@type\":\"ReadAction\",\"target\":[\"https:\/\/www.renfrewlegalclinic.org\/fr\/termes-et-conditions\/\"]}]},{\"@type\":\"BreadcrumbList\",\"@id\":\"https:\/\/www.renfrewlegalclinic.org\/fr\/termes-et-conditions\/#breadcrumb\",\"itemListElement\":[{\"@type\":\"ListItem\",\"position\":1,\"name\":\"Home\",\"item\":\"https:\/\/www.renfrewlegalclinic.org\/fr\/\"},{\"@type\":\"ListItem\",\"position\":2,\"name\":\"Termes et conditions\"}]},{\"@type\":\"WebSite\",\"@id\":\"https:\/\/www.renfrewlegalclinic.org\/#website\",\"url\":\"https:\/\/www.renfrewlegalclinic.org\/\",\"name\":\"Renfrew County Legal Clinic\",\"description\":\"\",\"potentialAction\":[{\"@type\":\"SearchAction\",\"target\":{\"@type\":\"EntryPoint\",\"urlTemplate\":\"https:\/\/www.renfrewlegalclinic.org\/?s={search_term_string}\"},\"query-input\":{\"@type\":\"PropertyValueSpecification\",\"valueRequired\":true,\"valueName\":\"search_term_string\"}}],\"inLanguage\":\"fr-FR\"}]}<\/script>\n<!-- \/ Yoast SEO plugin. -->","yoast_head_json":{"title":"Termes et conditions - Renfrew County Legal Clinic","robots":{"index":"index","follow":"follow","max-snippet":"max-snippet:-1","max-image-preview":"max-image-preview:large","max-video-preview":"max-video-preview:-1"},"canonical":"https:\/\/www.renfrewlegalclinic.org\/fr\/termes-et-conditions\/","og_locale":"fr_FR","og_type":"article","og_title":"Termes et conditions - Renfrew County Legal Clinic","og_description":"En utilisant le site Web de la Renfrew County Legal Clinic, vous acceptez d&rsquo;\u00eatre li\u00e9 par ces conditions d&rsquo;utilisation et par toute modification qui y est apport\u00e9e de temps \u00e0 autre. Le site Web de la clinique juridique du comt\u00e9 de Renfrew a int\u00e9gr\u00e9 les informations juridiques Justice pas-\u00e0-pas de CLEO.","og_url":"https:\/\/www.renfrewlegalclinic.org\/fr\/termes-et-conditions\/","og_site_name":"Renfrew County Legal Clinic","article_modified_time":"2021-08-06T20:07:47+00:00","twitter_card":"summary_large_image","twitter_misc":{"Dur\u00e9e de lecture estim\u00e9e":"4 minutes"},"schema":{"@context":"https:\/\/schema.org","@graph":[{"@type":"WebPage","@id":"https:\/\/www.renfrewlegalclinic.org\/fr\/termes-et-conditions\/","url":"https:\/\/www.renfrewlegalclinic.org\/fr\/termes-et-conditions\/","name":"Termes et conditions - Renfrew County Legal Clinic","isPartOf":{"@id":"https:\/\/www.renfrewlegalclinic.org\/#website"},"datePublished":"2021-06-17T08:42:20+00:00","dateModified":"2021-08-06T20:07:47+00:00","breadcrumb":{"@id":"https:\/\/www.renfrewlegalclinic.org\/fr\/termes-et-conditions\/#breadcrumb"},"inLanguage":"fr-FR","potentialAction":[{"@type":"ReadAction","target":["https:\/\/www.renfrewlegalclinic.org\/fr\/termes-et-conditions\/"]}]},{"@type":"BreadcrumbList","@id":"https:\/\/www.renfrewlegalclinic.org\/fr\/termes-et-conditions\/#breadcrumb","itemListElement":[{"@type":"ListItem","position":1,"name":"Home","item":"https:\/\/www.renfrewlegalclinic.org\/fr\/"},{"@type":"ListItem","position":2,"name":"Termes et conditions"}]},{"@type":"WebSite","@id":"https:\/\/www.renfrewlegalclinic.org\/#website","url":"https:\/\/www.renfrewlegalclinic.org\/","name":"Renfrew County Legal Clinic","description":"","potentialAction":[{"@type":"SearchAction","target":{"@type":"EntryPoint","urlTemplate":"https:\/\/www.renfrewlegalclinic.org\/?s={search_term_string}"},"query-input":{"@type":"PropertyValueSpecification","valueRequired":true,"valueName":"search_term_string"}}],"inLanguage":"fr-FR"}]}},"_links":{"self":[{"href":"https:\/\/www.renfrewlegalclinic.org\/fr\/wp-json\/wp\/v2\/pages\/1559","targetHints":{"allow":["GET"]}}],"collection":[{"href":"https:\/\/www.renfrewlegalclinic.org\/fr\/wp-json\/wp\/v2\/pages"}],"about":[{"href":"https:\/\/www.renfrewlegalclinic.org\/fr\/wp-json\/wp\/v2\/types\/page"}],"author":[{"embeddable":true,"href":"https:\/\/www.renfrewlegalclinic.org\/fr\/wp-json\/wp\/v2\/users\/2"}],"replies":[{"embeddable":true,"href":"https:\/\/www.renfrewlegalclinic.org\/fr\/wp-json\/wp\/v2\/comments?post=1559"}],"version-history":[{"count":2,"href":"https:\/\/www.renfrewlegalclinic.org\/fr\/wp-json\/wp\/v2\/pages\/1559\/revisions"}],"predecessor-version":[{"id":1692,"href":"https:\/\/www.renfrewlegalclinic.org\/fr\/wp-json\/wp\/v2\/pages\/1559\/revisions\/1692"}],"wp:attachment":[{"href":"https:\/\/www.renfrewlegalclinic.org\/fr\/wp-json\/wp\/v2\/media?parent=1559"}],"curies":[{"name":"wp","href":"https:\/\/api.w.org\/{rel}","templated":true}]}}