{"id":1561,"date":"2021-06-17T04:50:06","date_gmt":"2021-06-17T08:50:06","guid":{"rendered":"https:\/\/renfrew.turnbull.co\/?page_id=1561"},"modified":"2021-06-17T04:50:09","modified_gmt":"2021-06-17T08:50:09","slug":"declaration-de-confidentialite","status":"publish","type":"page","link":"https:\/\/www.renfrewlegalclinic.org\/fr\/declaration-de-confidentialite\/","title":{"rendered":"D\u00e9claration de confidentialit\u00e9"},"content":{"rendered":"\n<p>La Renfrew County Legal Clinic s&rsquo;engage \u00e0 prot\u00e9ger les renseignements personnels en suivant des pratiques responsables de traitement des informations conform\u00e9ment aux lois sur la confidentialit\u00e9. Le site Web de la Renfrew County Legal Clinic contient des informations juridiques sur Justice pas-\u00e0-pas. Le site Web Justice pas-\u00e0-pas est d\u00e9velopp\u00e9 par CLEO (Community Legal Education Ontario \/ Education juridique communautaire Ontario). La Renfrew County Legal Clinic et CLEO utilisent des technologies modernes d&rsquo;information et de communication pour soutenir leurs activit\u00e9s. Cette politique de confidentialit\u00e9 s&rsquo;applique au site Web de la Renfrew County Legal Clinic. Pour plus d&rsquo;informations sur Justice pas-\u00e0-pas, consultez la d\u00e9claration de confidentialit\u00e9 de Justice pas-\u00e0-pas.<\/p>\n<h2>Acc\u00e8s anonyme<\/h2>\n<p>Vous pouvez acc\u00e9der \u00e0 la page d&rsquo;accueil du site Web de la Renfrew County Legal Clinic et parcourir notre site sans divulguer vos donn\u00e9es personnelles. En r\u00e8gle g\u00e9n\u00e9rale, aucune information personnelle n&rsquo;est collect\u00e9e aupr\u00e8s de nos visiteurs. Les seules informations personnelles que nous recueillons sont les informations que vous faites du b\u00e9n\u00e9volat, telles que:<\/p>\n<ul>\n<li>Lorsque vous nous faites part de vos commentaires, posez une question ou r\u00e9pondez \u00e0 un sondage<\/li>\n<li>Lorsque vous nous donnez votre adresse e-mail pour nous permettre de vous envoyer les informations demand\u00e9es, comme un bulletin \u00e9lectronique<\/li>\n<li>Lorsque vous vous inscrivez pour recevoir des mises \u00e0 jour sur les r\u00e9seaux sociaux<\/li>\n<\/ul>\n<p>Nous utilisons et divulguons des donn\u00e9es, qui n&rsquo;identifient pas les individus, \u00e0 des fins statistiques pour d\u00e9velopper et am\u00e9liorer les activit\u00e9s et les services de la Renfrew County Legal Clinic.<\/p>\n<h2>Abonnements aux listes de diffusion par courriel<\/h2>\n<p>Lorsque vous vous abonnez \u00e0 une liste de diffusion de la Renfrew County Legal Clinic, vous devez fournir votre nom et une adresse \u00e9lectronique. Cette adresse courriel est utilis\u00e9e pour vous envoyer les messages de la liste de diffusion, tels que des informations sur les activit\u00e9s ou projets de la Renfrew County Legal Clinic et les mises \u00e0 jour des informations Justice pas-\u00e0-pas. Votre adresse courriel ne sera divulgu\u00e9e \u00e0 aucun autre abonn\u00e9 \u00e0 la liste de diffusion, organisation, site Web ou agence gouvernementale. Si vous ne souhaitez pas entendre parler des programmes, projets, mises \u00e0 jour ou opportunit\u00e9s de la Renfrew County Legal Clinic, vous pouvez vous d\u00e9sinscrire \u00e0 tout moment.<\/p>\n<h2>Partage d&rsquo;information<\/h2>\n<p>Nous ne partageons ni ne vendons les informations personnelles que nous recueillons. Nous ne divulguerons vos informations personnelles \u00e0 quiconque sans votre connaissance ou votre consentement pr\u00e9alable, \u00e0 moins que ces informations personnelles ne r\u00e9v\u00e8lent une probabilit\u00e9 de pr\u00e9judice grave pour vous ou quelqu&rsquo;un d&rsquo;autre.<\/p>\n<h2>Utilisation des cookies<\/h2>\n<p>Un cookie est un petit fichier texte contenant un num\u00e9ro d&rsquo;identification unique qui est transf\u00e9r\u00e9 de tout site Web sur lequel vous vous trouvez sur le disque dur de votre ordinateur afin que le site Web puisse identifier des visiteurs distincts sur le site et suivre les activit\u00e9s des utilisateurs sur le site Web. Un cookie ne donnera pas \u00e0 un site Web des informations personnellement identifiables sur vous, telles que votre nom et votre adresse. La Renfrew County Legal Clinic utilise des cookies uniquement pour suivre le nombre de personnes qui visitent le site Web de la Renfrew County Legal Clinic et le contenu de Justice pas-\u00e0-pas, ainsi que la fr\u00e9quence \u00e0 laquelle chaque page est visit\u00e9e. Plus pr\u00e9cis\u00e9ment, les cookies sont utilis\u00e9s pour:<\/p>\n<ul>\n<li>Pr\u00e9server et mettre fin aux sessions des visiteurs sur le site (garder les visiteurs connect\u00e9s apr\u00e8s l&rsquo;authentification ou l&rsquo;enregistrement des donn\u00e9es; et mettre fin \u00e0 la session apr\u00e8s une p\u00e9riode d&rsquo;inactivit\u00e9)<\/li>\n<li>Enregistrer les pr\u00e9f\u00e9rences de taille de police sur le site<\/li>\n<li>Activer les outils d&rsquo;analyse Web<\/li>\n<\/ul>\n<p>Les mouvements individuels des utilisateurs ne peuvent pas \u00eatre suivis sur le site Web de la Renfrew County Legal Clinic ou sur le contenu int\u00e9gr\u00e9 Steps to Justice. Nous utilisons des cookies pour suivre la popularit\u00e9 des pages uniquement pour pouvoir am\u00e9liorer la qualit\u00e9 du site et r\u00e9pondre \u00e0 vos besoins. Nous recueillons des informations \u00e0 votre sujet uniquement si vous en faites la demande.<\/p>\n<p>Les visiteurs qui souhaitent d\u00e9sactiver les cookies doivent consulter la documentation d&rsquo;aide de leur logiciel de navigation pour refuser ou refuser s\u00e9lectivement les cookies. Les visiteurs peuvent \u00e9galement r\u00e9guli\u00e8rement supprimer leur navigateur et l&rsquo;historique de leurs cookies. Notez que refuser les cookies peut avoir un impact n\u00e9gatif sur les performances du site pour vous.<\/p>\n<h2>Google Analytics<\/h2>\n<p>Renfrew County Legal Clinic et le site Web Justice pas-\u00e0-pas utilisent Google Analytics pour suivre les performances. Google Analytics utilise des cookies persistants pour suivre les sessions des visiteurs, les visiteurs sur plusieurs sessions et les sources de r\u00e9f\u00e9rence vers les deux sites Web. Nous suivons \u00e9galement les performances des liens promotionnels vers notre site. Conform\u00e9ment aux conditions d&rsquo;utilisation de Google Analytics, \u00e0 aucun moment des informations personnellement identifiables ne sont transmises \u00e0 Google Analytics. Notez que Google Analytics stocke ses donn\u00e9es aux \u00c9tats-Unis et est soumis aux lois am\u00e9ricaines. Ceux qui souhaitent d\u00e9sactiver la collecte de donn\u00e9es Google Analytics doivent utiliser le module compl\u00e9mentaire de navigateur pour la d\u00e9sactivation de Google Analytics.<\/p>\n<h2>Liens sur notre site Web<\/h2>\n<p>Le site Web de la Renfrew County Legal Clinic et le site Web de Justice pas-\u00e0-pas fournissent des liens vers d&rsquo;autres sites Web. La Renfrew County Legal Clinic et CLEO n&rsquo;assument aucune responsabilit\u00e9 pour les pratiques de protection des renseignements des sites auxquels vous pouvez acc\u00e9der via notre site. Nous encourageons les visiteurs \u00e0 consulter la politique de confidentialit\u00e9 de chaque site avant de divulguer des informations personnellement identifiables.<\/p>\n<h2>Confidentialit\u00e9 et s\u00e9curit\u00e9<\/h2>\n<p>La Renfrew County Legal Clinic et CLEO maintiennent des mesures de protection physiques, \u00e9lectroniques et administratives adapt\u00e9es au type de renseignements personnels que nous obtenons de vous. Le personnel et les b\u00e9n\u00e9voles de la Renfrew County Legal Clinic qui ont acc\u00e8s aux donn\u00e9es personnelles sont tenus de respecter la confidentialit\u00e9 des informations personnelles et de les traiter de mani\u00e8re responsable. En tant que cabinet d&rsquo;avocats, toute information que vous nous donnez est confidentielle. Les seules exceptions sont si les informations r\u00e9v\u00e8lent une probabilit\u00e9 de pr\u00e9judice grave pour vous ou pour autrui ou (si nous vous fournissons un service) si nous recevons une demande d&rsquo;Aide juridique Ontario (notre bailleur de fonds) pour des informations financi\u00e8res qui montrent que vous \u00eates admissible \u00e0 nos services.<\/p>\n<h2>Questions de confidentialit\u00e9<\/h2>\n<p>Si vous avez une plainte ou une pr\u00e9occupation concernant les pratiques de traitement des informations de la Renfrew County Legal Clinic, nous vous encourageons \u00e0 nous en informer. Dans la plupart des cas, notre personnel sera en mesure de r\u00e9pondre \u00e0 votre pr\u00e9occupation. Pour toute question concernant les pratiques de confidentialit\u00e9 de la Renfrew County Legal Clinic, veuillez contacter:<\/p>\n<p><strong>Renfrew County Legal Clinic<br \/><\/strong>236, rue Stewart, bureau 101<br \/>Renfrew, ON K7V 1X7<\/p>\n<p>T\u00e9l\u00e9phone: 613-432-8146<br \/>Sans frais: 1-800-267-5871<\/p>\n","protected":false},"excerpt":{"rendered":"<p>La Renfrew County Legal Clinic s&rsquo;engage \u00e0 prot\u00e9ger les renseignements personnels en suivant des pratiques responsables de traitement des informations conform\u00e9ment aux lois sur la confidentialit\u00e9. Le site Web de la Renfrew County Legal Clinic contient des informations juridiques sur Justice pas-\u00e0-pas. Le site Web Justice pas-\u00e0-pas est d\u00e9velopp\u00e9 par CLEO (Community Legal Education Ontario \/ Education juridique communautaire Ontario).<\/p>\n","protected":false},"author":2,"featured_media":0,"parent":0,"menu_order":102,"comment_status":"closed","ping_status":"closed","template":"","meta":{"_bbp_topic_count":0,"_bbp_reply_count":0,"_bbp_total_topic_count":0,"_bbp_total_reply_count":0,"_bbp_voice_count":0,"_bbp_anonymous_reply_count":0,"_bbp_topic_count_hidden":0,"_bbp_reply_count_hidden":0,"_bbp_forum_subforum_count":0,"footnotes":""},"class_list":["post-1561","page","type-page","status-publish","hentry"],"yoast_head":"<!-- This site is optimized with the Yoast SEO plugin v27.0 - https:\/\/yoast.com\/product\/yoast-seo-wordpress\/ -->\n<title>D\u00e9claration de confidentialit\u00e9 - Renfrew County Legal Clinic<\/title>\n<meta name=\"robots\" content=\"index, follow, max-snippet:-1, max-image-preview:large, max-video-preview:-1\" \/>\n<link rel=\"canonical\" href=\"https:\/\/www.renfrewlegalclinic.org\/fr\/declaration-de-confidentialite\/\" \/>\n<meta property=\"og:locale\" content=\"fr_FR\" \/>\n<meta property=\"og:type\" content=\"article\" \/>\n<meta property=\"og:title\" content=\"D\u00e9claration de confidentialit\u00e9 - Renfrew County Legal Clinic\" \/>\n<meta property=\"og:description\" content=\"La Renfrew County Legal Clinic s&rsquo;engage \u00e0 prot\u00e9ger les renseignements personnels en suivant des pratiques responsables de traitement des informations conform\u00e9ment aux lois sur la confidentialit\u00e9. Le site Web de la Renfrew County Legal Clinic contient des informations juridiques sur Justice pas-\u00e0-pas. Le site Web Justice pas-\u00e0-pas est d\u00e9velopp\u00e9 par CLEO (Community Legal Education Ontario \/ Education juridique communautaire Ontario).\" \/>\n<meta property=\"og:url\" content=\"https:\/\/www.renfrewlegalclinic.org\/fr\/declaration-de-confidentialite\/\" \/>\n<meta property=\"og:site_name\" content=\"Renfrew County Legal Clinic\" \/>\n<meta property=\"article:modified_time\" content=\"2021-06-17T08:50:09+00:00\" \/>\n<meta name=\"twitter:card\" content=\"summary_large_image\" \/>\n<meta name=\"twitter:label1\" content=\"Dur\u00e9e de lecture estim\u00e9e\" \/>\n\t<meta name=\"twitter:data1\" content=\"5 minutes\" \/>\n<script type=\"application\/ld+json\" class=\"yoast-schema-graph\">{\"@context\":\"https:\/\/schema.org\",\"@graph\":[{\"@type\":\"WebPage\",\"@id\":\"https:\/\/www.renfrewlegalclinic.org\/fr\/declaration-de-confidentialite\/\",\"url\":\"https:\/\/www.renfrewlegalclinic.org\/fr\/declaration-de-confidentialite\/\",\"name\":\"D\u00e9claration de confidentialit\u00e9 - Renfrew County Legal Clinic\",\"isPartOf\":{\"@id\":\"https:\/\/www.renfrewlegalclinic.org\/#website\"},\"datePublished\":\"2021-06-17T08:50:06+00:00\",\"dateModified\":\"2021-06-17T08:50:09+00:00\",\"breadcrumb\":{\"@id\":\"https:\/\/www.renfrewlegalclinic.org\/fr\/declaration-de-confidentialite\/#breadcrumb\"},\"inLanguage\":\"fr-FR\",\"potentialAction\":[{\"@type\":\"ReadAction\",\"target\":[\"https:\/\/www.renfrewlegalclinic.org\/fr\/declaration-de-confidentialite\/\"]}]},{\"@type\":\"BreadcrumbList\",\"@id\":\"https:\/\/www.renfrewlegalclinic.org\/fr\/declaration-de-confidentialite\/#breadcrumb\",\"itemListElement\":[{\"@type\":\"ListItem\",\"position\":1,\"name\":\"Home\",\"item\":\"https:\/\/www.renfrewlegalclinic.org\/fr\/\"},{\"@type\":\"ListItem\",\"position\":2,\"name\":\"D\u00e9claration de confidentialit\u00e9\"}]},{\"@type\":\"WebSite\",\"@id\":\"https:\/\/www.renfrewlegalclinic.org\/#website\",\"url\":\"https:\/\/www.renfrewlegalclinic.org\/\",\"name\":\"Renfrew County Legal Clinic\",\"description\":\"\",\"potentialAction\":[{\"@type\":\"SearchAction\",\"target\":{\"@type\":\"EntryPoint\",\"urlTemplate\":\"https:\/\/www.renfrewlegalclinic.org\/?s={search_term_string}\"},\"query-input\":{\"@type\":\"PropertyValueSpecification\",\"valueRequired\":true,\"valueName\":\"search_term_string\"}}],\"inLanguage\":\"fr-FR\"}]}<\/script>\n<!-- \/ Yoast SEO plugin. -->","yoast_head_json":{"title":"D\u00e9claration de confidentialit\u00e9 - Renfrew County Legal Clinic","robots":{"index":"index","follow":"follow","max-snippet":"max-snippet:-1","max-image-preview":"max-image-preview:large","max-video-preview":"max-video-preview:-1"},"canonical":"https:\/\/www.renfrewlegalclinic.org\/fr\/declaration-de-confidentialite\/","og_locale":"fr_FR","og_type":"article","og_title":"D\u00e9claration de confidentialit\u00e9 - Renfrew County Legal Clinic","og_description":"La Renfrew County Legal Clinic s&rsquo;engage \u00e0 prot\u00e9ger les renseignements personnels en suivant des pratiques responsables de traitement des informations conform\u00e9ment aux lois sur la confidentialit\u00e9. Le site Web de la Renfrew County Legal Clinic contient des informations juridiques sur Justice pas-\u00e0-pas. Le site Web Justice pas-\u00e0-pas est d\u00e9velopp\u00e9 par CLEO (Community Legal Education Ontario \/ Education juridique communautaire Ontario).","og_url":"https:\/\/www.renfrewlegalclinic.org\/fr\/declaration-de-confidentialite\/","og_site_name":"Renfrew County Legal Clinic","article_modified_time":"2021-06-17T08:50:09+00:00","twitter_card":"summary_large_image","twitter_misc":{"Dur\u00e9e de lecture estim\u00e9e":"5 minutes"},"schema":{"@context":"https:\/\/schema.org","@graph":[{"@type":"WebPage","@id":"https:\/\/www.renfrewlegalclinic.org\/fr\/declaration-de-confidentialite\/","url":"https:\/\/www.renfrewlegalclinic.org\/fr\/declaration-de-confidentialite\/","name":"D\u00e9claration de confidentialit\u00e9 - Renfrew County Legal Clinic","isPartOf":{"@id":"https:\/\/www.renfrewlegalclinic.org\/#website"},"datePublished":"2021-06-17T08:50:06+00:00","dateModified":"2021-06-17T08:50:09+00:00","breadcrumb":{"@id":"https:\/\/www.renfrewlegalclinic.org\/fr\/declaration-de-confidentialite\/#breadcrumb"},"inLanguage":"fr-FR","potentialAction":[{"@type":"ReadAction","target":["https:\/\/www.renfrewlegalclinic.org\/fr\/declaration-de-confidentialite\/"]}]},{"@type":"BreadcrumbList","@id":"https:\/\/www.renfrewlegalclinic.org\/fr\/declaration-de-confidentialite\/#breadcrumb","itemListElement":[{"@type":"ListItem","position":1,"name":"Home","item":"https:\/\/www.renfrewlegalclinic.org\/fr\/"},{"@type":"ListItem","position":2,"name":"D\u00e9claration de confidentialit\u00e9"}]},{"@type":"WebSite","@id":"https:\/\/www.renfrewlegalclinic.org\/#website","url":"https:\/\/www.renfrewlegalclinic.org\/","name":"Renfrew County Legal Clinic","description":"","potentialAction":[{"@type":"SearchAction","target":{"@type":"EntryPoint","urlTemplate":"https:\/\/www.renfrewlegalclinic.org\/?s={search_term_string}"},"query-input":{"@type":"PropertyValueSpecification","valueRequired":true,"valueName":"search_term_string"}}],"inLanguage":"fr-FR"}]}},"_links":{"self":[{"href":"https:\/\/www.renfrewlegalclinic.org\/fr\/wp-json\/wp\/v2\/pages\/1561","targetHints":{"allow":["GET"]}}],"collection":[{"href":"https:\/\/www.renfrewlegalclinic.org\/fr\/wp-json\/wp\/v2\/pages"}],"about":[{"href":"https:\/\/www.renfrewlegalclinic.org\/fr\/wp-json\/wp\/v2\/types\/page"}],"author":[{"embeddable":true,"href":"https:\/\/www.renfrewlegalclinic.org\/fr\/wp-json\/wp\/v2\/users\/2"}],"replies":[{"embeddable":true,"href":"https:\/\/www.renfrewlegalclinic.org\/fr\/wp-json\/wp\/v2\/comments?post=1561"}],"version-history":[{"count":1,"href":"https:\/\/www.renfrewlegalclinic.org\/fr\/wp-json\/wp\/v2\/pages\/1561\/revisions"}],"predecessor-version":[{"id":1562,"href":"https:\/\/www.renfrewlegalclinic.org\/fr\/wp-json\/wp\/v2\/pages\/1561\/revisions\/1562"}],"wp:attachment":[{"href":"https:\/\/www.renfrewlegalclinic.org\/fr\/wp-json\/wp\/v2\/media?parent=1561"}],"curies":[{"name":"wp","href":"https:\/\/api.w.org\/{rel}","templated":true}]}}