{"id":1656,"date":"2021-06-17T07:13:16","date_gmt":"2021-06-17T11:13:16","guid":{"rendered":"https:\/\/renfrew.turnbull.co\/?page_id=1656"},"modified":"2021-08-19T14:17:16","modified_gmt":"2021-08-19T18:17:16","slug":"education-juridique-publique","status":"publish","type":"page","link":"https:\/\/www.renfrewlegalclinic.org\/fr\/nos-services\/education-juridique-publique\/","title":{"rendered":"\u00c9ducation juridique publique"},"content":{"rendered":"\n<p><strong>Souhaitez-vous que nous parlions \u00e0 votre groupe?<\/strong><\/p>\n<p>Nous proposons des pr\u00e9sentations sur un certain nombre de sujets \u00e0 des groupes et organisations du comt\u00e9 de Renfrew.<\/p>\n<p>Voici quelques exemples de pr\u00e9sentations que nous pouvons fournir<strong>:<\/strong><\/p>\n<ul>\n<li>\u00ab\u00a0Ce que les locataires doivent savoir\u00a0\u00bb<\/li>\n<li>\u00ab\u00a0Vos droits au travail\u00a0\u00bb<\/li>\n<li>\u00ab Ontario au travail et Ontario pour les personnes handicap\u00e9es &#8211; Naviguer dans le syst\u00e8me \u00bb<\/li>\n<li>\u00ab\u00a0Lorsque l&rsquo;agent de recouvrement appelle\u00a0\u00bb<\/li>\n<li>\u00ab\u00a0Harc\u00e8lement sexuel sur le lieu de travail: vos droits et responsabilit\u00e9s\u00a0\u00bb<\/li>\n<\/ul>\n<p>Pour demander une pr\u00e9sentation, veuillez remplir notre formulaire de contact.<\/p>\n<p>Pour toute question, <a href=\"https:\/\/www.renfrewlegalclinic.org\/fr\/contactez-nous\/\">appelez notre bureau<\/a>.<\/p>\n\n<div class=\"wpcf7 no-js\" id=\"wpcf7-f1662-o1\" lang=\"en-US\" dir=\"ltr\" data-wpcf7-id=\"1662\">\n<div class=\"screen-reader-response\"><p role=\"status\" aria-live=\"polite\" aria-atomic=\"true\"><\/p> <ul><\/ul><\/div>\n<form action=\"\/fr\/wp-json\/wp\/v2\/pages\/1656#wpcf7-f1662-o1\" method=\"post\" class=\"wpcf7-form init\" aria-label=\"Contact form\" novalidate=\"novalidate\" data-status=\"init\">\n<fieldset class=\"hidden-fields-container\"><input type=\"hidden\" name=\"_wpcf7\" value=\"1662\" \/><input type=\"hidden\" name=\"_wpcf7_version\" value=\"6.1.5\" \/><input type=\"hidden\" name=\"_wpcf7_locale\" value=\"en_US\" \/><input type=\"hidden\" name=\"_wpcf7_unit_tag\" value=\"wpcf7-f1662-o1\" \/><input type=\"hidden\" name=\"_wpcf7_container_post\" value=\"0\" \/><input type=\"hidden\" name=\"_wpcf7_posted_data_hash\" value=\"\" \/><input type=\"hidden\" name=\"_wpcf7_recaptcha_response\" value=\"\" \/>\n<\/fieldset>\n<hr \/>\n<div class=\"field-wrap\">\n\t<p><label>Nom du contact: (requis)<\/label><span class=\"wpcf7-form-control-wrap\" data-name=\"contact-name\"><input size=\"40\" maxlength=\"400\" class=\"wpcf7-form-control wpcf7-text wpcf7-validates-as-required\" aria-required=\"true\" aria-invalid=\"false\" value=\"\" type=\"text\" name=\"contact-name\" \/><\/span>\n\t<\/p>\n<\/div>\n<div class=\"field-wrap\">\n\t<p><label>Num\u00e9ro de t\u00e9l\u00e9phone: <\/label><span class=\"wpcf7-form-control-wrap\" data-name=\"phone-number\"><input size=\"40\" maxlength=\"400\" class=\"wpcf7-form-control wpcf7-text\" aria-invalid=\"false\" value=\"\" type=\"text\" name=\"phone-number\" \/><\/span>\n\t<\/p>\n<\/div>\n<div class=\"field-wrap\">\n\t<p><label>Adresse courriel: (requis)<\/label><span class=\"wpcf7-form-control-wrap\" data-name=\"email-address\"><input size=\"40\" maxlength=\"400\" class=\"wpcf7-form-control wpcf7-email wpcf7-validates-as-required wpcf7-text wpcf7-validates-as-email\" aria-required=\"true\" aria-invalid=\"false\" value=\"\" type=\"email\" name=\"email-address\" \/><\/span>\n\t<\/p>\n<\/div>\n<div class=\"field-wrap\">\n\t<p><label>Organisation \/ groupe qui fait la demande: (requis)<\/label><span class=\"wpcf7-form-control-wrap\" data-name=\"organization-group-requesting\"><input size=\"40\" maxlength=\"400\" class=\"wpcf7-form-control wpcf7-text wpcf7-validates-as-required\" aria-required=\"true\" aria-invalid=\"false\" value=\"\" type=\"text\" name=\"organization-group-requesting\" \/><\/span>\n\t<\/p>\n<\/div>\n<div class=\"field-wrap\">\n\t<p><label>Th\u00e8me de pr\u00e9sentation: (requis)<\/label><span class=\"wpcf7-form-control-wrap\" data-name=\"topic-of-presentation:\"><select class=\"wpcf7-form-control wpcf7-select wpcf7-validates-as-required\" aria-required=\"true\" aria-invalid=\"false\" name=\"topic-of-presentation:\"><option value=\"\">&#8212;Please choose an option&#8212;<\/option><option value=\"Ce que les locataires doivent savoir\">Ce que les locataires doivent savoir<\/option><option value=\"Vos droits au travail\">Vos droits au travail<\/option><option value=\"Ontario au travail et Ontario pour les personnes handicap\u00e9es - Naviguer dans le syst\u00e8me\">Ontario au travail et Ontario pour les personnes handicap\u00e9es - Naviguer dans le syst\u00e8me<\/option><option value=\"Lorsque l&#039;agent de recouvrement appelle\">Lorsque l&#039;agent de recouvrement appelle<\/option><option value=\"Testaments et procurations\">Testaments et procurations<\/option><option value=\"Capacit\u00e9 et tutelle\">Capacit\u00e9 et tutelle<\/option><option value=\"Planification pr\u00e9alable des soins\">Planification pr\u00e9alable des soins<\/option><option value=\"Foyers de soins de longue dur\u00e9e\">Foyers de soins de longue dur\u00e9e<\/option><option value=\"Maisons de retraite\">Maisons de retraite<\/option><option value=\"Maltraitance envers les a\u00een\u00e9s\">Maltraitance envers les a\u00een\u00e9s<\/option><option value=\"Harc\u00e8lement sexuel sur le lieu de travail: vos droits et responsabilit\u00e9s\">Harc\u00e8lement sexuel sur le lieu de travail: vos droits et responsabilit\u00e9s<\/option><option value=\"Autre\">Autre<\/option><\/select><\/span>\n\t<\/p>\n<\/div>\n<div class=\"field-wrap\">\n\t<p><label>Nombre de participants:<\/label><span class=\"wpcf7-form-control-wrap\" data-name=\"number-of-participants\"><select class=\"wpcf7-form-control wpcf7-select\" aria-invalid=\"false\" name=\"number-of-participants\"><option value=\"\">&#8212;Please choose an option&#8212;<\/option><option value=\"Moins de 10\">Moins de 10<\/option><option value=\"10-25\">10-25<\/option><option value=\"25-50\">25-50<\/option><option value=\"50-75\">50-75<\/option><option value=\"75-100\">75-100<\/option><option value=\"100 plus\">100 plus<\/option><\/select><\/span>\n\t<\/p>\n<\/div>\n<div class=\"field-wrap\">\n\t<p><label>Qui sont les participants (p. ex. gestionnaires, a\u00een\u00e9s, \u00e9tudiants):<\/label><span class=\"wpcf7-form-control-wrap\" data-name=\"who-are-the-participants\"><input size=\"40\" maxlength=\"400\" class=\"wpcf7-form-control wpcf7-text\" aria-invalid=\"false\" value=\"\" type=\"text\" name=\"who-are-the-participants\" \/><\/span>\n\t<\/p>\n<\/div>\n<div class=\"field-wrap\">\n\t<p><label>Date (s) demand\u00e9e (s) pour la pr\u00e9sentation:<\/label><span class=\"wpcf7-form-control-wrap\" data-name=\"requested-dates\"><input size=\"40\" maxlength=\"400\" class=\"wpcf7-form-control wpcf7-text\" aria-invalid=\"false\" value=\"\" type=\"text\" name=\"requested-dates\" \/><\/span>\n\t<\/p>\n<\/div>\n<div class=\"field-wrap\">\n\t<p><label>Comment vous nous avez d\u00e9couvert :<\/label><span class=\"wpcf7-form-control-wrap\" data-name=\"how-you-found\"><select class=\"wpcf7-form-control wpcf7-select\" aria-invalid=\"false\" name=\"how-you-found\"><option value=\"\">&#8212;Please choose an option&#8212;<\/option><option value=\"Site Web\">Site Web<\/option><option value=\"Bouche \u00e0 oreille\">Bouche \u00e0 oreille<\/option><option value=\"Ami \/ Famille\">Ami \/ Famille<\/option><option value=\"Organisme communautaire\">Organisme communautaire<\/option><option value=\"Radio\">Radio<\/option><option value=\"Journal \/ Magazine\">Journal \/ Magazine<\/option><option value=\"Des m\u00e9dias sociaux\">Des m\u00e9dias sociaux<\/option><\/select><\/span>\n\t<\/p>\n<\/div>\n<div class=\"field-wrap\">\n\t<p><label>Notes: <\/label><span class=\"wpcf7-form-control-wrap\" data-name=\"notes\"><textarea cols=\"40\" rows=\"10\" maxlength=\"2000\" class=\"wpcf7-form-control wpcf7-textarea\" aria-invalid=\"false\" name=\"notes\"><\/textarea><\/span>\n\t<\/p>\n<\/div>\n\n<p><input class=\"wpcf7-form-control wpcf7-submit has-spinner btn\" type=\"submit\" value=\"Envoyer\" \/>\n<\/p><div class=\"wpcf7-response-output\" aria-hidden=\"true\"><\/div>\n<\/form>\n<\/div>\n\n","protected":false},"excerpt":{"rendered":"<p>Souhaitez-vous que nous parlions \u00e0 votre groupe?<br \/>\nNous proposons des pr\u00e9sentations sur un certain nombre de sujets \u00e0 des groupes et organisations du comt\u00e9 de Renfrew.<br \/>\nVoici quelques exemples de pr\u00e9sentations que nous pouvons fournir:<\/p>\n<p>\u00ab\u00a0Ce que les locataires doivent savoir\u00a0\u00bb<br \/>\n\u00ab\u00a0Vos droits au travail\u00a0\u00bb<br \/>\n\u00ab Ontario au travail et Ontario pour les personnes handicap\u00e9es &#8211;<\/p>\n","protected":false},"author":2,"featured_media":0,"parent":1527,"menu_order":0,"comment_status":"closed","ping_status":"closed","template":"","meta":{"_bbp_topic_count":0,"_bbp_reply_count":0,"_bbp_total_topic_count":0,"_bbp_total_reply_count":0,"_bbp_voice_count":0,"_bbp_anonymous_reply_count":0,"_bbp_topic_count_hidden":0,"_bbp_reply_count_hidden":0,"_bbp_forum_subforum_count":0,"footnotes":""},"class_list":["post-1656","page","type-page","status-publish","hentry"],"yoast_head":"<!-- This site is optimized with the Yoast SEO plugin v27.0 - https:\/\/yoast.com\/product\/yoast-seo-wordpress\/ -->\n<title>\u00c9ducation juridique publique - Renfrew County Legal Clinic<\/title>\n<meta name=\"robots\" content=\"index, follow, max-snippet:-1, max-image-preview:large, max-video-preview:-1\" \/>\n<link rel=\"canonical\" href=\"https:\/\/www.renfrewlegalclinic.org\/fr\/nos-services\/education-juridique-publique\/\" \/>\n<meta property=\"og:locale\" content=\"fr_FR\" \/>\n<meta property=\"og:type\" content=\"article\" \/>\n<meta property=\"og:title\" content=\"\u00c9ducation juridique publique - Renfrew County Legal Clinic\" \/>\n<meta property=\"og:description\" content=\"Souhaitez-vous que nous parlions \u00e0 votre groupe? Nous proposons des pr\u00e9sentations sur un certain nombre de sujets \u00e0 des groupes et organisations du comt\u00e9 de Renfrew. Voici quelques exemples de pr\u00e9sentations que nous pouvons fournir: \u00ab\u00a0Ce que les locataires doivent savoir\u00a0\u00bb \u00ab\u00a0Vos droits au travail\u00a0\u00bb \u00ab Ontario au travail et Ontario pour les personnes handicap\u00e9es &#8211;\" \/>\n<meta property=\"og:url\" content=\"https:\/\/www.renfrewlegalclinic.org\/fr\/nos-services\/education-juridique-publique\/\" \/>\n<meta property=\"og:site_name\" content=\"Renfrew County Legal Clinic\" \/>\n<meta property=\"article:modified_time\" content=\"2021-08-19T18:17:16+00:00\" \/>\n<meta name=\"twitter:card\" content=\"summary_large_image\" \/>\n<meta name=\"twitter:label1\" content=\"Dur\u00e9e de lecture estim\u00e9e\" \/>\n\t<meta name=\"twitter:data1\" content=\"1 minute\" \/>\n<script type=\"application\/ld+json\" class=\"yoast-schema-graph\">{\"@context\":\"https:\/\/schema.org\",\"@graph\":[{\"@type\":\"WebPage\",\"@id\":\"https:\/\/www.renfrewlegalclinic.org\/fr\/nos-services\/education-juridique-publique\/\",\"url\":\"https:\/\/www.renfrewlegalclinic.org\/fr\/nos-services\/education-juridique-publique\/\",\"name\":\"\u00c9ducation juridique publique - Renfrew County Legal Clinic\",\"isPartOf\":{\"@id\":\"https:\/\/www.renfrewlegalclinic.org\/#website\"},\"datePublished\":\"2021-06-17T11:13:16+00:00\",\"dateModified\":\"2021-08-19T18:17:16+00:00\",\"breadcrumb\":{\"@id\":\"https:\/\/www.renfrewlegalclinic.org\/fr\/nos-services\/education-juridique-publique\/#breadcrumb\"},\"inLanguage\":\"fr-FR\",\"potentialAction\":[{\"@type\":\"ReadAction\",\"target\":[\"https:\/\/www.renfrewlegalclinic.org\/fr\/nos-services\/education-juridique-publique\/\"]}]},{\"@type\":\"BreadcrumbList\",\"@id\":\"https:\/\/www.renfrewlegalclinic.org\/fr\/nos-services\/education-juridique-publique\/#breadcrumb\",\"itemListElement\":[{\"@type\":\"ListItem\",\"position\":1,\"name\":\"Home\",\"item\":\"https:\/\/www.renfrewlegalclinic.org\/fr\/\"},{\"@type\":\"ListItem\",\"position\":2,\"name\":\"Nos services\",\"item\":\"https:\/\/www.renfrewlegalclinic.org\/fr\/nos-services\/\"},{\"@type\":\"ListItem\",\"position\":3,\"name\":\"\u00c9ducation juridique publique\"}]},{\"@type\":\"WebSite\",\"@id\":\"https:\/\/www.renfrewlegalclinic.org\/#website\",\"url\":\"https:\/\/www.renfrewlegalclinic.org\/\",\"name\":\"Renfrew County Legal Clinic\",\"description\":\"\",\"potentialAction\":[{\"@type\":\"SearchAction\",\"target\":{\"@type\":\"EntryPoint\",\"urlTemplate\":\"https:\/\/www.renfrewlegalclinic.org\/?s={search_term_string}\"},\"query-input\":{\"@type\":\"PropertyValueSpecification\",\"valueRequired\":true,\"valueName\":\"search_term_string\"}}],\"inLanguage\":\"fr-FR\"}]}<\/script>\n<!-- \/ Yoast SEO plugin. -->","yoast_head_json":{"title":"\u00c9ducation juridique publique - Renfrew County Legal Clinic","robots":{"index":"index","follow":"follow","max-snippet":"max-snippet:-1","max-image-preview":"max-image-preview:large","max-video-preview":"max-video-preview:-1"},"canonical":"https:\/\/www.renfrewlegalclinic.org\/fr\/nos-services\/education-juridique-publique\/","og_locale":"fr_FR","og_type":"article","og_title":"\u00c9ducation juridique publique - Renfrew County Legal Clinic","og_description":"Souhaitez-vous que nous parlions \u00e0 votre groupe? Nous proposons des pr\u00e9sentations sur un certain nombre de sujets \u00e0 des groupes et organisations du comt\u00e9 de Renfrew. Voici quelques exemples de pr\u00e9sentations que nous pouvons fournir: \u00ab\u00a0Ce que les locataires doivent savoir\u00a0\u00bb \u00ab\u00a0Vos droits au travail\u00a0\u00bb \u00ab Ontario au travail et Ontario pour les personnes handicap\u00e9es &#8211;","og_url":"https:\/\/www.renfrewlegalclinic.org\/fr\/nos-services\/education-juridique-publique\/","og_site_name":"Renfrew County Legal Clinic","article_modified_time":"2021-08-19T18:17:16+00:00","twitter_card":"summary_large_image","twitter_misc":{"Dur\u00e9e de lecture estim\u00e9e":"1 minute"},"schema":{"@context":"https:\/\/schema.org","@graph":[{"@type":"WebPage","@id":"https:\/\/www.renfrewlegalclinic.org\/fr\/nos-services\/education-juridique-publique\/","url":"https:\/\/www.renfrewlegalclinic.org\/fr\/nos-services\/education-juridique-publique\/","name":"\u00c9ducation juridique publique - Renfrew County Legal Clinic","isPartOf":{"@id":"https:\/\/www.renfrewlegalclinic.org\/#website"},"datePublished":"2021-06-17T11:13:16+00:00","dateModified":"2021-08-19T18:17:16+00:00","breadcrumb":{"@id":"https:\/\/www.renfrewlegalclinic.org\/fr\/nos-services\/education-juridique-publique\/#breadcrumb"},"inLanguage":"fr-FR","potentialAction":[{"@type":"ReadAction","target":["https:\/\/www.renfrewlegalclinic.org\/fr\/nos-services\/education-juridique-publique\/"]}]},{"@type":"BreadcrumbList","@id":"https:\/\/www.renfrewlegalclinic.org\/fr\/nos-services\/education-juridique-publique\/#breadcrumb","itemListElement":[{"@type":"ListItem","position":1,"name":"Home","item":"https:\/\/www.renfrewlegalclinic.org\/fr\/"},{"@type":"ListItem","position":2,"name":"Nos services","item":"https:\/\/www.renfrewlegalclinic.org\/fr\/nos-services\/"},{"@type":"ListItem","position":3,"name":"\u00c9ducation juridique publique"}]},{"@type":"WebSite","@id":"https:\/\/www.renfrewlegalclinic.org\/#website","url":"https:\/\/www.renfrewlegalclinic.org\/","name":"Renfrew County Legal Clinic","description":"","potentialAction":[{"@type":"SearchAction","target":{"@type":"EntryPoint","urlTemplate":"https:\/\/www.renfrewlegalclinic.org\/?s={search_term_string}"},"query-input":{"@type":"PropertyValueSpecification","valueRequired":true,"valueName":"search_term_string"}}],"inLanguage":"fr-FR"}]}},"_links":{"self":[{"href":"https:\/\/www.renfrewlegalclinic.org\/fr\/wp-json\/wp\/v2\/pages\/1656","targetHints":{"allow":["GET"]}}],"collection":[{"href":"https:\/\/www.renfrewlegalclinic.org\/fr\/wp-json\/wp\/v2\/pages"}],"about":[{"href":"https:\/\/www.renfrewlegalclinic.org\/fr\/wp-json\/wp\/v2\/types\/page"}],"author":[{"embeddable":true,"href":"https:\/\/www.renfrewlegalclinic.org\/fr\/wp-json\/wp\/v2\/users\/2"}],"replies":[{"embeddable":true,"href":"https:\/\/www.renfrewlegalclinic.org\/fr\/wp-json\/wp\/v2\/comments?post=1656"}],"version-history":[{"count":3,"href":"https:\/\/www.renfrewlegalclinic.org\/fr\/wp-json\/wp\/v2\/pages\/1656\/revisions"}],"predecessor-version":[{"id":1711,"href":"https:\/\/www.renfrewlegalclinic.org\/fr\/wp-json\/wp\/v2\/pages\/1656\/revisions\/1711"}],"up":[{"embeddable":true,"href":"https:\/\/www.renfrewlegalclinic.org\/fr\/wp-json\/wp\/v2\/pages\/1527"}],"wp:attachment":[{"href":"https:\/\/www.renfrewlegalclinic.org\/fr\/wp-json\/wp\/v2\/media?parent=1656"}],"curies":[{"name":"wp","href":"https:\/\/api.w.org\/{rel}","templated":true}]}}